{"id":104,"date":"2024-08-20T09:58:39","date_gmt":"2024-08-20T07:58:39","guid":{"rendered":"https:\/\/www.eudatabase.de\/?page_id=104"},"modified":"2024-08-20T10:01:05","modified_gmt":"2024-08-20T08:01:05","slug":"datenanalyse","status":"publish","type":"page","link":"https:\/\/www.eudatabase.de\/index.php\/datenanalyse\/","title":{"rendered":"Datenanalyse"},"content":{"rendered":"\t\t<div data-elementor-type=\"wp-page\" data-elementor-id=\"104\" class=\"elementor elementor-104\">\n\t\t\t\t<div class=\"elementor-element elementor-element-6da4be5 e-flex e-con-boxed e-con e-parent\" data-id=\"6da4be5\" data-element_type=\"container\" data-e-type=\"container\">\n\t\t\t\t\t<div class=\"e-con-inner\">\n\t\t\t\t<div class=\"elementor-element elementor-element-cb7cda1 elementor-widget elementor-widget-heading\" data-id=\"cb7cda1\" data-element_type=\"widget\" data-e-type=\"widget\" data-widget_type=\"heading.default\">\n\t\t\t\t<div class=\"elementor-widget-container\">\n\t\t\t\t\t<h2 class=\"elementor-heading-title elementor-size-default\">Datenanalyse<\/h2>\t\t\t\t<\/div>\n\t\t\t\t<\/div>\n\t\t\t\t\t<\/div>\n\t\t\t\t<\/div>\n\t\t<div class=\"elementor-element elementor-element-307f86a e-flex e-con-boxed e-con e-parent\" data-id=\"307f86a\" data-element_type=\"container\" data-e-type=\"container\">\n\t\t\t\t\t<div class=\"e-con-inner\">\n\t\t<div class=\"elementor-element elementor-element-0e8bb7e e-con-full e-flex e-con e-child\" data-id=\"0e8bb7e\" data-element_type=\"container\" data-e-type=\"container\">\n\t\t\t\t<div class=\"elementor-element elementor-element-c91b905 elementor-widget elementor-widget-image\" data-id=\"c91b905\" data-element_type=\"widget\" data-e-type=\"widget\" data-widget_type=\"image.default\">\n\t\t\t\t<div class=\"elementor-widget-container\">\n\t\t\t\t\t\t\t\t\t\t\t\t\t\t\t<img fetchpriority=\"high\" decoding=\"async\" width=\"300\" height=\"246\" src=\"https:\/\/www.eudatabase.de\/wp-content\/uploads\/2024\/08\/datenanalyse.jpg\" class=\"attachment-large size-large wp-image-106\" alt=\"\" \/>\t\t\t\t\t\t\t\t\t\t\t\t\t\t\t<\/div>\n\t\t\t\t<\/div>\n\t\t\t\t<\/div>\n\t\t<div class=\"elementor-element elementor-element-b972190 e-con-full e-flex e-con e-child\" data-id=\"b972190\" data-element_type=\"container\" data-e-type=\"container\">\n\t\t\t\t<div class=\"elementor-element elementor-element-8215c4e elementor-widget elementor-widget-text-editor\" data-id=\"8215c4e\" data-element_type=\"widget\" data-e-type=\"widget\" data-widget_type=\"text-editor.default\">\n\t\t\t\t<div class=\"elementor-widget-container\">\n\t\t\t\t\t\t\t\t\t<div class=\"elementor-column elementor-col-100 elementor-inner-column elementor-element elementor-element-9e4f9e6\" data-id=\"9e4f9e6\" data-element_type=\"column\"><div class=\"elementor-widget-wrap elementor-element-populated\"><div class=\"elementor-element elementor-element-134a259 elementor-widget elementor-widget-text-editor\" data-id=\"134a259\" data-element_type=\"widget\" data-widget_type=\"text-editor.default\"><div class=\"elementor-widget-container\"><p><b>Wer kennt das nicht?<\/b><\/p><p><b>Sie haben eine Menge von Daten und verlieren langsam den \u00dcberblick.<\/b><\/p><p>Der erste Weg sollte die Schaffung eines relationalen Datenbanksystems sein.<br \/>Hier werden verschiedenste Daten zusammen gespeichert und untereinander verkn\u00fcpft. Die darauf folgende logische Verkn\u00fcpfung dieser Daten bringt eine Aussage zur Werthaltigkeit der gesammelten Daten zu Tage.<br \/>Nur so erkennen Sie ob sie die z.B. durch Marktforschung entstandenen Daten auch wirklich effizient nutzen k\u00f6nnen.<\/p><p>Wir als f\u00fcr Ihr Unternehmen aussenstehender Part haben eine rein logische Betrachtungsweise der Daten. Dadurch ergeben sich f\u00fcr Sie v\u00f6llig neue Sichtweisen und Handlungsans\u00e4tze.<\/p><p>Wir bereinigen oder zerlegen Daten wie z.B. Adressen die in einem Feld gespeichert sind. Duplikate k\u00f6nnen identifiziert und ggf. entfernt werden.<\/p><p>Das Resultat einer vollst\u00e4ndigen Datenanalyse sollte ein auswertbares System mit einer 100%-igen Datenaussage sowohl zum Inhalt als auch zur Qualit\u00e4t der Daten sein.<\/p><p><b>Nutzen Sie die M\u00f6glichkeit einer unabh\u00e4ngigen Sichtweise auf Ihre Daten. Wir helfen Ihnen gerne dabei.<\/b><\/p><\/div><\/div><\/div><\/div>\t\t\t\t\t\t\t\t<\/div>\n\t\t\t\t<\/div>\n\t\t\t\t<\/div>\n\t\t\t\t\t<\/div>\n\t\t\t\t<\/div>\n\t\t\t\t<\/div>\n\t\t","protected":false},"excerpt":{"rendered":"<p>Datenanalyse Wer kennt das nicht? Sie haben eine Menge von Daten und verlieren langsam den \u00dcberblick. Der erste Weg sollte die Schaffung eines relationalen Datenbanksystems sein.Hier werden verschiedenste Daten zusammen gespeichert und untereinander verkn\u00fcpft. Die darauf folgende logische Verkn\u00fcpfung dieser Daten bringt eine Aussage zur Werthaltigkeit der gesammelten Daten zu Tage.Nur so erkennen Sie ob&hellip;<\/p>\n","protected":false},"author":1,"featured_media":0,"parent":0,"menu_order":0,"comment_status":"closed","ping_status":"closed","template":"elementor_header_footer","meta":{"footnotes":""},"class_list":["post-104","page","type-page","status-publish","hentry"],"aioseo_notices":[],"_links":{"self":[{"href":"https:\/\/www.eudatabase.de\/index.php\/wp-json\/wp\/v2\/pages\/104","targetHints":{"allow":["GET"]}}],"collection":[{"href":"https:\/\/www.eudatabase.de\/index.php\/wp-json\/wp\/v2\/pages"}],"about":[{"href":"https:\/\/www.eudatabase.de\/index.php\/wp-json\/wp\/v2\/types\/page"}],"author":[{"embeddable":true,"href":"https:\/\/www.eudatabase.de\/index.php\/wp-json\/wp\/v2\/users\/1"}],"replies":[{"embeddable":true,"href":"https:\/\/www.eudatabase.de\/index.php\/wp-json\/wp\/v2\/comments?post=104"}],"version-history":[{"count":4,"href":"https:\/\/www.eudatabase.de\/index.php\/wp-json\/wp\/v2\/pages\/104\/revisions"}],"predecessor-version":[{"id":109,"href":"https:\/\/www.eudatabase.de\/index.php\/wp-json\/wp\/v2\/pages\/104\/revisions\/109"}],"wp:attachment":[{"href":"https:\/\/www.eudatabase.de\/index.php\/wp-json\/wp\/v2\/media?parent=104"}],"curies":[{"name":"wp","href":"https:\/\/api.w.org\/{rel}","templated":true}]}}