{"id":110,"date":"2024-08-20T10:02:08","date_gmt":"2024-08-20T08:02:08","guid":{"rendered":"https:\/\/www.eudatabase.de\/?page_id=110"},"modified":"2024-08-20T10:04:40","modified_gmt":"2024-08-20T08:04:40","slug":"unternehmensberatung","status":"publish","type":"page","link":"https:\/\/www.eudatabase.de\/index.php\/unternehmensberatung\/","title":{"rendered":"Unternehmensberatung"},"content":{"rendered":"\t\t<div data-elementor-type=\"wp-page\" data-elementor-id=\"110\" class=\"elementor elementor-110\">\n\t\t\t\t<div class=\"elementor-element elementor-element-01c08dc e-flex e-con-boxed e-con e-parent\" data-id=\"01c08dc\" data-element_type=\"container\" data-e-type=\"container\">\n\t\t\t\t\t<div class=\"e-con-inner\">\n\t\t\t\t<div class=\"elementor-element elementor-element-1e3bc7a elementor-widget elementor-widget-heading\" data-id=\"1e3bc7a\" data-element_type=\"widget\" data-e-type=\"widget\" data-widget_type=\"heading.default\">\n\t\t\t\t<div class=\"elementor-widget-container\">\n\t\t\t\t\t<h2 class=\"elementor-heading-title elementor-size-default\">Unternehmensberatung<\/h2>\t\t\t\t<\/div>\n\t\t\t\t<\/div>\n\t\t\t\t\t<\/div>\n\t\t\t\t<\/div>\n\t\t<div class=\"elementor-element elementor-element-f2901fb e-flex e-con-boxed e-con e-parent\" data-id=\"f2901fb\" data-element_type=\"container\" data-e-type=\"container\">\n\t\t\t\t\t<div class=\"e-con-inner\">\n\t\t<div class=\"elementor-element elementor-element-d5216c1 e-con-full e-flex e-con e-child\" data-id=\"d5216c1\" data-element_type=\"container\" data-e-type=\"container\">\n\t\t\t\t<div class=\"elementor-element elementor-element-55f162e elementor-widget elementor-widget-image\" data-id=\"55f162e\" data-element_type=\"widget\" data-e-type=\"widget\" data-widget_type=\"image.default\">\n\t\t\t\t<div class=\"elementor-widget-container\">\n\t\t\t\t\t\t\t\t\t\t\t\t\t\t\t<img decoding=\"async\" width=\"300\" height=\"150\" src=\"https:\/\/www.eudatabase.de\/wp-content\/uploads\/2024\/08\/projektmanagement.jpg\" class=\"attachment-large size-large wp-image-112\" alt=\"\" \/>\t\t\t\t\t\t\t\t\t\t\t\t\t\t\t<\/div>\n\t\t\t\t<\/div>\n\t\t\t\t<\/div>\n\t\t<div class=\"elementor-element elementor-element-4ce07cd e-con-full e-flex e-con e-child\" data-id=\"4ce07cd\" data-element_type=\"container\" data-e-type=\"container\">\n\t\t\t\t<div class=\"elementor-element elementor-element-0f07208 elementor-widget elementor-widget-text-editor\" data-id=\"0f07208\" data-element_type=\"widget\" data-e-type=\"widget\" data-widget_type=\"text-editor.default\">\n\t\t\t\t<div class=\"elementor-widget-container\">\n\t\t\t\t\t\t\t\t\t<div class=\"elementor-column elementor-col-100 elementor-inner-column elementor-element elementor-element-84e8f6b\" data-id=\"84e8f6b\" data-element_type=\"column\"><div class=\"elementor-widget-wrap elementor-element-populated\"><div class=\"elementor-element elementor-element-99ac076 elementor-widget elementor-widget-text-editor\" data-id=\"99ac076\" data-element_type=\"widget\" data-widget_type=\"text-editor.default\"><div class=\"elementor-widget-container\"><h3 class=\"ch4\">Projekte kompetent und zuverl\u00e4ssig abwickeln ist die Devise der EUDatabase Gruppe<\/h3><p>F\u00fcr Unternehmen aller Branchen ist ein professionelles Projektmanagement inzwischen ein absolutes Muss um die Aufgaben effektiv zu erledigen sowie Termine und Kosten im Griff zu behalten.<\/p><p>Dazu geh\u00f6ren die Aufgaben der Projektplanung, der Projektstart, die Koordination, die Projektsteuerung, die F\u00fchrung des Teams und nat\u00fcrlich der Projektabschluss.<\/p><p>Unser Team bietet Ihnen ebenso die Schl\u00fcsselthemen die heute ausschlaggebend f\u00fcr den Projekterfolg sind. Dazu geh\u00f6ren Soft Skills, Pr\u00e4sentationen, Konflikt-, Krisen- und Risikomanagement sowie bereichs\u00fcbergreifendes Wissen wie Recht und Finanzen.<\/p><\/div><\/div><\/div><\/div>\t\t\t\t\t\t\t\t<\/div>\n\t\t\t\t<\/div>\n\t\t\t\t<\/div>\n\t\t\t\t\t<\/div>\n\t\t\t\t<\/div>\n\t\t<div class=\"elementor-element elementor-element-c60ff72 e-flex e-con-boxed e-con e-parent\" data-id=\"c60ff72\" data-element_type=\"container\" data-e-type=\"container\">\n\t\t\t\t\t<div class=\"e-con-inner\">\n\t\t\t\t<div class=\"elementor-element elementor-element-342e256 elementor-widget elementor-widget-text-editor\" data-id=\"342e256\" data-element_type=\"widget\" data-e-type=\"widget\" data-widget_type=\"text-editor.default\">\n\t\t\t\t<div class=\"elementor-widget-container\">\n\t\t\t\t\t\t\t\t\t<section class=\"elementor-section elementor-top-section elementor-element elementor-element-3bf59a8 elementor-section-boxed elementor-section-height-default elementor-section-height-default\" data-id=\"3bf59a8\" data-element_type=\"section\"><div class=\"elementor-container elementor-column-gap-default\"><div class=\"elementor-column elementor-col-100 elementor-top-column elementor-element elementor-element-875e2e3\" data-id=\"875e2e3\" data-element_type=\"column\"><div class=\"elementor-widget-wrap elementor-element-populated\"><div class=\"elementor-element elementor-element-bb9ceef elementor-widget elementor-widget-text-editor\" data-id=\"bb9ceef\" data-element_type=\"widget\" data-widget_type=\"text-editor.default\"><div class=\"elementor-widget-container\"><div class=\"col-lg-12 col-md-12 col-sm-12 col-xs-12\"><h3 class=\"ch4\">Wir analysieren Ihre Projektpl\u00e4ne gerne in einem pers\u00f6nlichen Gespr\u00e4ch.<\/h3><\/div><div class=\"col-lg-12 col-md-12 col-sm-12 col-xs-12\"><h5>Zu unserem Angebot geh\u00f6ren:<\/h5><p>\u00a0<\/p><h4 class=\"ch4\">Projektplanung, -steuerung und -evaluation<\/h4><p>Budgetierung, Anforderungen und Ziele definieren, Machbarkeitspr\u00fcfung, Projektstart, Ablauf-\/Terminplan, Projektabschluss, Prozessmanagement, Wirtschaftlichkeit, Outsourcing und Kontrolle<br \/>Recht und Finanzen<br \/>Kommerzielle Themen (z. B. Finanzierung, Controlling), Rechtliche Aspekte (z. B. im Umgang mit Lieferanten und Dienstleistern)<\/p><\/div><div class=\"col-lg-12 col-md-12 col-sm-12 col-xs-12\"><h4 class=\"ch4\">Projektf\u00fchrung<\/h4><p>Konfliktmanagementtechniken, Krisen- und Risikomanagement, F\u00fchrung\/Motivation, Verhandlung\/Entscheidungsfindung und nat\u00fcrlich Kreativit\u00e4t<\/p><\/div><div class=\"col-lg-12 col-md-12 col-sm-12 col-xs-12\"><h4 class=\"ch4\">Kommunikation<\/h4><p>Pr\u00e4sentation und Moderation<\/p><\/div><div class=\"col-lg-12 col-md-12 col-sm-12 col-xs-12\"><h4 class=\"ch4\">L\u00f6sungsmethoden<\/h4><p>L\u00f6sungsvarianten, Systeme beschreiben und Probleml\u00f6sungsmodelle<\/p><\/div><\/div><\/div><\/div><\/div><\/div><\/section>\t\t\t\t\t\t\t\t<\/div>\n\t\t\t\t<\/div>\n\t\t\t\t\t<\/div>\n\t\t\t\t<\/div>\n\t\t\t\t<\/div>\n\t\t","protected":false},"excerpt":{"rendered":"<p>Unternehmensberatung Projekte kompetent und zuverl\u00e4ssig abwickeln ist die Devise der EUDatabase Gruppe F\u00fcr Unternehmen aller Branchen ist ein professionelles Projektmanagement inzwischen ein absolutes Muss um die Aufgaben effektiv zu erledigen sowie Termine und Kosten im Griff zu behalten. Dazu geh\u00f6ren die Aufgaben der Projektplanung, der Projektstart, die Koordination, die Projektsteuerung, die F\u00fchrung des Teams und&hellip;<\/p>\n","protected":false},"author":1,"featured_media":0,"parent":0,"menu_order":0,"comment_status":"closed","ping_status":"closed","template":"elementor_header_footer","meta":{"footnotes":""},"class_list":["post-110","page","type-page","status-publish","hentry"],"aioseo_notices":[],"_links":{"self":[{"href":"https:\/\/www.eudatabase.de\/index.php\/wp-json\/wp\/v2\/pages\/110","targetHints":{"allow":["GET"]}}],"collection":[{"href":"https:\/\/www.eudatabase.de\/index.php\/wp-json\/wp\/v2\/pages"}],"about":[{"href":"https:\/\/www.eudatabase.de\/index.php\/wp-json\/wp\/v2\/types\/page"}],"author":[{"embeddable":true,"href":"https:\/\/www.eudatabase.de\/index.php\/wp-json\/wp\/v2\/users\/1"}],"replies":[{"embeddable":true,"href":"https:\/\/www.eudatabase.de\/index.php\/wp-json\/wp\/v2\/comments?post=110"}],"version-history":[{"count":4,"href":"https:\/\/www.eudatabase.de\/index.php\/wp-json\/wp\/v2\/pages\/110\/revisions"}],"predecessor-version":[{"id":115,"href":"https:\/\/www.eudatabase.de\/index.php\/wp-json\/wp\/v2\/pages\/110\/revisions\/115"}],"wp:attachment":[{"href":"https:\/\/www.eudatabase.de\/index.php\/wp-json\/wp\/v2\/media?parent=110"}],"curies":[{"name":"wp","href":"https:\/\/api.w.org\/{rel}","templated":true}]}}