{"id":116,"date":"2024-08-20T10:06:01","date_gmt":"2024-08-20T08:06:01","guid":{"rendered":"https:\/\/www.eudatabase.de\/?page_id=116"},"modified":"2024-08-20T10:09:17","modified_gmt":"2024-08-20T08:09:17","slug":"edv-gutachten","status":"publish","type":"page","link":"https:\/\/www.eudatabase.de\/index.php\/edv-gutachten\/","title":{"rendered":"EDV Gutachten"},"content":{"rendered":"\t\t<div data-elementor-type=\"wp-page\" data-elementor-id=\"116\" class=\"elementor elementor-116\">\n\t\t\t\t<div class=\"elementor-element elementor-element-03eddfe e-flex e-con-boxed e-con e-parent\" data-id=\"03eddfe\" data-element_type=\"container\" data-e-type=\"container\">\n\t\t\t\t\t<div class=\"e-con-inner\">\n\t\t\t\t<div class=\"elementor-element elementor-element-acd7df5 elementor-widget elementor-widget-heading\" data-id=\"acd7df5\" data-element_type=\"widget\" data-e-type=\"widget\" data-widget_type=\"heading.default\">\n\t\t\t\t<div class=\"elementor-widget-container\">\n\t\t\t\t\t<h2 class=\"elementor-heading-title elementor-size-default\">EDV Gutachten<\/h2>\t\t\t\t<\/div>\n\t\t\t\t<\/div>\n\t\t\t\t\t<\/div>\n\t\t\t\t<\/div>\n\t\t<div class=\"elementor-element elementor-element-fb7b67f e-flex e-con-boxed e-con e-parent\" data-id=\"fb7b67f\" data-element_type=\"container\" data-e-type=\"container\">\n\t\t\t\t\t<div class=\"e-con-inner\">\n\t\t<div class=\"elementor-element elementor-element-5ed4261 e-con-full e-flex e-con e-child\" data-id=\"5ed4261\" data-element_type=\"container\" data-e-type=\"container\">\n\t\t\t\t<div class=\"elementor-element elementor-element-585a575 elementor-widget elementor-widget-image\" data-id=\"585a575\" data-element_type=\"widget\" data-e-type=\"widget\" data-widget_type=\"image.default\">\n\t\t\t\t<div class=\"elementor-widget-container\">\n\t\t\t\t\t\t\t\t\t\t\t\t\t\t\t<img fetchpriority=\"high\" decoding=\"async\" width=\"213\" height=\"300\" src=\"https:\/\/www.eudatabase.de\/wp-content\/uploads\/2024\/08\/SV_Zertifizierung-213x300.jpg\" class=\"attachment-medium size-medium wp-image-118\" alt=\"\" srcset=\"https:\/\/www.eudatabase.de\/wp-content\/uploads\/2024\/08\/SV_Zertifizierung-213x300.jpg 213w, https:\/\/www.eudatabase.de\/wp-content\/uploads\/2024\/08\/SV_Zertifizierung.jpg 284w\" sizes=\"(max-width: 213px) 100vw, 213px\" \/>\t\t\t\t\t\t\t\t\t\t\t\t\t\t\t<\/div>\n\t\t\t\t<\/div>\n\t\t\t\t<\/div>\n\t\t<div class=\"elementor-element elementor-element-3e1dcd3 e-con-full e-flex e-con e-child\" data-id=\"3e1dcd3\" data-element_type=\"container\" data-e-type=\"container\">\n\t\t\t\t<div class=\"elementor-element elementor-element-0625b0f elementor-widget elementor-widget-text-editor\" data-id=\"0625b0f\" data-element_type=\"widget\" data-e-type=\"widget\" data-widget_type=\"text-editor.default\">\n\t\t\t\t<div class=\"elementor-widget-container\">\n\t\t\t\t\t\t\t\t\t<div class=\"elementor-column elementor-col-100 elementor-inner-column elementor-element elementor-element-d564484\" data-id=\"d564484\" data-element_type=\"column\"><div class=\"elementor-widget-wrap elementor-element-populated\"><div class=\"elementor-element elementor-element-50f3ccf elementor-widget elementor-widget-text-editor\" data-id=\"50f3ccf\" data-element_type=\"widget\" data-widget_type=\"text-editor.default\"><div class=\"elementor-widget-container\"><p>Die langj\u00e4hrige Erfahrung im Bereich der Softwareentwicklung bef\u00e4higte Herrn Fried zum F\u00fchren des Titels \u201eSachverst\u00e4ndiger f\u00fcr EDV-Programmierung\u201c.<\/p><p>Seine Fachkenntnis wirde durch den Deutschen Gutachter und Sachverst\u00e4ndigen Verband e.V. sowie der European Experts Group Ltd. best\u00e4tigt.<\/p><p>Mit der erforderliche Qualifikation, Sachkunde und Zuverl\u00e4ssigkeit leiste ich neben der klassischen IT-Beratung als EDV Sachverst\u00e4ndige und Gutachter zus\u00e4tzlich Sachverst\u00e4ndigenleistungen.<\/p><p>Im Rahmen meiner T\u00e4tigkeit als Gutachter erstelle ich:<\/p><\/div><\/div><\/div><\/div>\t\t\t\t\t\t\t\t<\/div>\n\t\t\t\t<\/div>\n\t\t\t\t<\/div>\n\t\t\t\t\t<\/div>\n\t\t\t\t<\/div>\n\t\t<div class=\"elementor-element elementor-element-a5f13d9 e-grid e-con-boxed e-con e-parent\" data-id=\"a5f13d9\" data-element_type=\"container\" data-e-type=\"container\">\n\t\t\t\t\t<div class=\"e-con-inner\">\n\t\t\t\t<div class=\"elementor-element elementor-element-f785f58 elementor-widget elementor-widget-text-editor\" data-id=\"f785f58\" data-element_type=\"widget\" data-e-type=\"widget\" data-widget_type=\"text-editor.default\">\n\t\t\t\t<div class=\"elementor-widget-container\">\n\t\t\t\t\t\t\t\t\t<div class=\"elementor-column elementor-col-100 elementor-inner-column elementor-element elementor-element-6da1aab\" data-id=\"6da1aab\" data-element_type=\"column\">\n<div class=\"elementor-widget-wrap elementor-element-populated\">\n<div class=\"elementor-element elementor-element-3f73a52 elementor-widget elementor-widget-text-editor\" data-id=\"3f73a52\" data-element_type=\"widget\" data-widget_type=\"text-editor.default\">\n<div class=\"elementor-widget-container\">\n<div class=\"heading-title heading-border-bottom heading-color\">\n<div class=\"heading-title heading-border-bottom heading-color\">\n<h3 class=\"ch3\">Gerichtsgutachten<\/h3>\n<\/div>\n\n<hr \/>\n\nIch erstelle Gutachten f\u00fcr Gerichte und Beh\u00f6rden wenn diese zur Beweisfindung meine Hilfe ben\u00f6tigen.\nIm Rahmen eines Beweisbeschlusses stehe ich gerne im Bereich meines Spezialgebietes, der Programmierung, zur Verf\u00fcgung.\nDie Abrechnung erfolgt gesetzeskonform auf Basis des JVEG.\n\n<\/div>\n<\/div>\n<\/div>\n<\/div>\n<\/div>\t\t\t\t\t\t\t\t<\/div>\n\t\t\t\t<\/div>\n\t\t\t\t<div class=\"elementor-element elementor-element-802ccca elementor-widget elementor-widget-text-editor\" data-id=\"802ccca\" data-element_type=\"widget\" data-e-type=\"widget\" data-widget_type=\"text-editor.default\">\n\t\t\t\t<div class=\"elementor-widget-container\">\n\t\t\t\t\t\t\t\t\t<div class=\"elementor-column elementor-col-100 elementor-inner-column elementor-element elementor-element-6a465cb\" data-id=\"6a465cb\" data-element_type=\"column\">\n<div class=\"elementor-widget-wrap elementor-element-populated\">\n<div class=\"elementor-element elementor-element-c395fa1 elementor-widget elementor-widget-text-editor\" data-id=\"c395fa1\" data-element_type=\"widget\" data-widget_type=\"text-editor.default\">\n<div class=\"elementor-widget-container\">\n<div class=\"heading-title heading-border-bottom heading-color\">\n<div class=\"heading-title heading-border-bottom heading-color\">\n<div class=\"heading-title heading-border-bottom heading-color\">\n<h3 class=\"ch3\">Privatgutachten<\/h3>\n<\/div>\n\n<hr \/>\n\nIch erstelle Privatgutachten f\u00fcr streitbare und nicht streitbare Sachverhalte. So unterst\u00fctze ich Sie bei Investitionsentscheidungen, der Bewertung vorhandener technischer Anlagen z.B. zu Ver\u00e4usserungszwecken, f\u00fcr Schadensregulierung sowie projektvorbereitende und projektbegleitende Sachst\u00e4nde.\n\n<\/div>\n<\/div>\n<\/div>\n<\/div>\n<\/div>\n<\/div>\t\t\t\t\t\t\t\t<\/div>\n\t\t\t\t<\/div>\n\t\t\t\t<div class=\"elementor-element elementor-element-99d836a elementor-widget elementor-widget-text-editor\" data-id=\"99d836a\" data-element_type=\"widget\" data-e-type=\"widget\" data-widget_type=\"text-editor.default\">\n\t\t\t\t<div class=\"elementor-widget-container\">\n\t\t\t\t\t\t\t\t\t<div class=\"elementor-column elementor-col-100 elementor-inner-column elementor-element elementor-element-cfcaabb\" data-id=\"cfcaabb\" data-element_type=\"column\">\n<div class=\"elementor-widget-wrap elementor-element-populated\">\n<div class=\"elementor-element elementor-element-7298d0d elementor-widget elementor-widget-text-editor\" data-id=\"7298d0d\" data-element_type=\"widget\" data-widget_type=\"text-editor.default\">\n<div class=\"elementor-widget-container\">\n<div class=\"heading-title heading-border-bottom heading-color\">\n<div class=\"heading-title heading-border-bottom heading-color\">\n<div class=\"heading-title heading-border-bottom heading-color\">\n<div class=\"heading-title heading-border-bottom heading-color\">\n<h3 class=\"ch3\">Schiedsgutachten<\/h3>\n<\/div>\n\n<hr \/>\n\nGutachten sind ein Teil meiner Beratungsleistungen. Das Gutachten tritt dabei als verbindliche m\u00fcndliche oder schriftliche rechtssichere Aussage eines Sachverst\u00e4ndigen oder Gutachters auf. Das Gutachten eines Sachverst\u00e4ndigen genie\u00dft erh\u00f6hte Glaubw\u00fcrdigkeit. Deshalb bietet es oft die Grundlage f\u00fcr eine g\u00fctliche Einigung.\n\n<\/div>\n<\/div>\n<\/div>\n<\/div>\n<\/div>\n<\/div>\n<\/div>\t\t\t\t\t\t\t\t<\/div>\n\t\t\t\t<\/div>\n\t\t\t\t\t<\/div>\n\t\t\t\t<\/div>\n\t\t\t\t<\/div>\n\t\t","protected":false},"excerpt":{"rendered":"<p>EDV Gutachten Die langj\u00e4hrige Erfahrung im Bereich der Softwareentwicklung bef\u00e4higte Herrn Fried zum F\u00fchren des Titels \u201eSachverst\u00e4ndiger f\u00fcr EDV-Programmierung\u201c. Seine Fachkenntnis wirde durch den Deutschen Gutachter und Sachverst\u00e4ndigen Verband e.V. sowie der European Experts Group Ltd. best\u00e4tigt. Mit der erforderliche Qualifikation, Sachkunde und Zuverl\u00e4ssigkeit leiste ich neben der klassischen IT-Beratung als EDV Sachverst\u00e4ndige und Gutachter&hellip;<\/p>\n","protected":false},"author":1,"featured_media":0,"parent":0,"menu_order":0,"comment_status":"closed","ping_status":"closed","template":"elementor_header_footer","meta":{"footnotes":""},"class_list":["post-116","page","type-page","status-publish","hentry"],"aioseo_notices":[],"_links":{"self":[{"href":"https:\/\/www.eudatabase.de\/index.php\/wp-json\/wp\/v2\/pages\/116","targetHints":{"allow":["GET"]}}],"collection":[{"href":"https:\/\/www.eudatabase.de\/index.php\/wp-json\/wp\/v2\/pages"}],"about":[{"href":"https:\/\/www.eudatabase.de\/index.php\/wp-json\/wp\/v2\/types\/page"}],"author":[{"embeddable":true,"href":"https:\/\/www.eudatabase.de\/index.php\/wp-json\/wp\/v2\/users\/1"}],"replies":[{"embeddable":true,"href":"https:\/\/www.eudatabase.de\/index.php\/wp-json\/wp\/v2\/comments?post=116"}],"version-history":[{"count":4,"href":"https:\/\/www.eudatabase.de\/index.php\/wp-json\/wp\/v2\/pages\/116\/revisions"}],"predecessor-version":[{"id":121,"href":"https:\/\/www.eudatabase.de\/index.php\/wp-json\/wp\/v2\/pages\/116\/revisions\/121"}],"wp:attachment":[{"href":"https:\/\/www.eudatabase.de\/index.php\/wp-json\/wp\/v2\/media?parent=116"}],"curies":[{"name":"wp","href":"https:\/\/api.w.org\/{rel}","templated":true}]}}