{"id":122,"date":"2024-08-20T10:10:06","date_gmt":"2024-08-20T08:10:06","guid":{"rendered":"https:\/\/www.eudatabase.de\/?page_id=122"},"modified":"2024-08-20T10:12:33","modified_gmt":"2024-08-20T08:12:33","slug":"webseiten","status":"publish","type":"page","link":"https:\/\/www.eudatabase.de\/index.php\/webseiten\/","title":{"rendered":"Webseiten"},"content":{"rendered":"\t\t<div data-elementor-type=\"wp-page\" data-elementor-id=\"122\" class=\"elementor elementor-122\">\n\t\t\t\t<div class=\"elementor-element elementor-element-5e1c3fe e-flex e-con-boxed e-con e-parent\" data-id=\"5e1c3fe\" data-element_type=\"container\" data-e-type=\"container\">\n\t\t\t\t\t<div class=\"e-con-inner\">\n\t\t\t\t<div class=\"elementor-element elementor-element-fde4265 elementor-widget elementor-widget-heading\" data-id=\"fde4265\" data-element_type=\"widget\" data-e-type=\"widget\" data-widget_type=\"heading.default\">\n\t\t\t\t<div class=\"elementor-widget-container\">\n\t\t\t\t\t<h2 class=\"elementor-heading-title elementor-size-default\">Webseiten<\/h2>\t\t\t\t<\/div>\n\t\t\t\t<\/div>\n\t\t\t\t\t<\/div>\n\t\t\t\t<\/div>\n\t\t<div class=\"elementor-element elementor-element-ed40287 e-flex e-con-boxed e-con e-parent\" data-id=\"ed40287\" data-element_type=\"container\" data-e-type=\"container\">\n\t\t\t\t\t<div class=\"e-con-inner\">\n\t\t\t\t<div class=\"elementor-element elementor-element-8685118 elementor-widget elementor-widget-text-editor\" data-id=\"8685118\" data-element_type=\"widget\" data-e-type=\"widget\" data-widget_type=\"text-editor.default\">\n\t\t\t\t<div class=\"elementor-widget-container\">\n\t\t\t\t\t\t\t\t\t<section class=\"elementor-section elementor-top-section elementor-element elementor-element-98a2717 elementor-section-boxed elementor-section-height-default elementor-section-height-default\" data-id=\"98a2717\" data-element_type=\"section\"><div class=\"elementor-container elementor-column-gap-default\"><div class=\"elementor-column elementor-col-100 elementor-top-column elementor-element elementor-element-496476e\" data-id=\"496476e\" data-element_type=\"column\"><div class=\"elementor-widget-wrap elementor-element-populated\"><div class=\"elementor-element elementor-element-70c01b5 elementor-widget elementor-widget-text-editor\" data-id=\"70c01b5\" data-element_type=\"widget\" data-widget_type=\"text-editor.default\"><div class=\"elementor-widget-container\"><div class=\"col-md-12\"><h2 class=\"ch4\">Webhosting<\/h2><p>Wir betreiben seit einigen Jahren eine eigene Serverlandschaft mit verschiedenen MS SQL-, MySQL-, Windows- und Linuxservern welche auch durch uns administriert werden.<\/p><p>Sie k\u00f6nnen daher bei uns einen \u201eRundumservice\u201c geniessen.<\/p><p>Unsere Leistungen im Bereich Hosting umfassen<\/p><ul><li>Domainregistrierung<\/li><li>Webspace und E-Maildienst<\/li><li>virtuelle und echte Server<\/li><li>Administration und Datensicherung<\/li><\/ul><h2>Webdesign<\/h2><\/div><div class=\"col-md-12\"><p>Wir erstellen Single-Page-Webanwendungen ebenso wie komplexe Websysteme.<\/p><p class=\"ch4\">statische und dynamische Webseiten<\/p><p>Egal ob Sie f\u00fcr sich privat oder f\u00fcr Ihr Unternehmen eine Internetpr\u00e4sens brauchen wir helfen Ihnen gerne.<\/p><p>Unsere Leistungen beginnen mit der einfachen statischen Einseitenl\u00f6sung und k\u00f6nnen bei Bedarf mittels dynamischen Inhalten erweitert werden.<br \/>Wir legen zusammen das Design fest und setzen dieses dann in hrer neuen Webseite um.<\/p><\/div><\/div><\/div><\/div><\/div><\/div><\/section>\t\t\t\t\t\t\t\t<\/div>\n\t\t\t\t<\/div>\n\t\t\t\t\t<\/div>\n\t\t\t\t<\/div>\n\t\t<div class=\"elementor-element elementor-element-d6969e9 e-flex e-con-boxed e-con e-parent\" data-id=\"d6969e9\" data-element_type=\"container\" data-e-type=\"container\">\n\t\t\t\t\t<div class=\"e-con-inner\">\n\t\t<div class=\"elementor-element elementor-element-d5bbc50 e-con-full e-flex e-con e-child\" data-id=\"d5bbc50\" data-element_type=\"container\" data-e-type=\"container\">\n\t\t\t\t<div class=\"elementor-element elementor-element-50e6efb elementor-widget elementor-widget-text-editor\" data-id=\"50e6efb\" data-element_type=\"widget\" data-e-type=\"widget\" data-widget_type=\"text-editor.default\">\n\t\t\t\t<div class=\"elementor-widget-container\">\n\t\t\t\t\t\t\t\t\t<div class=\"elementor-column elementor-col-100 elementor-inner-column elementor-element elementor-element-04c59c0\" data-id=\"04c59c0\" data-element_type=\"column\">\n<div class=\"elementor-widget-wrap elementor-element-populated\">\n<div class=\"elementor-element elementor-element-8b00e58 elementor-widget elementor-widget-text-editor\" data-id=\"8b00e58\" data-element_type=\"widget\" data-widget_type=\"text-editor.default\">\n<div class=\"elementor-widget-container\">\n\nWir verwenden dazu die Technologien von\n<ul>\n \t<li>HTML\/HTML5<\/li>\n \t<li>Javascript<\/li>\n \t<li>JQuery<\/li>\n \t<li>Bootstrap<\/li>\n \t<li>PHP<\/li>\n \t<li>MSSQL\/MySQL<\/li>\n<\/ul>\n<\/div>\n<\/div>\n<\/div>\n<\/div>\t\t\t\t\t\t\t\t<\/div>\n\t\t\t\t<\/div>\n\t\t\t\t<\/div>\n\t\t<div class=\"elementor-element elementor-element-da9325b e-con-full e-flex e-con e-child\" data-id=\"da9325b\" data-element_type=\"container\" data-e-type=\"container\">\n\t\t\t\t<div class=\"elementor-element elementor-element-48b61c0 elementor-widget elementor-widget-image\" data-id=\"48b61c0\" data-element_type=\"widget\" data-e-type=\"widget\" data-widget_type=\"image.default\">\n\t\t\t\t<div class=\"elementor-widget-container\">\n\t\t\t\t\t\t\t\t\t\t\t\t\t\t\t<img decoding=\"async\" width=\"250\" height=\"195\" src=\"https:\/\/www.eudatabase.de\/wp-content\/uploads\/2024\/08\/ha_kosh.jpg\" class=\"attachment-large size-large wp-image-124\" alt=\"\" \/>\t\t\t\t\t\t\t\t\t\t\t\t\t\t\t<\/div>\n\t\t\t\t<\/div>\n\t\t\t\t<\/div>\n\t\t\t\t\t<\/div>\n\t\t\t\t<\/div>\n\t\t<div class=\"elementor-element elementor-element-b032c96 e-flex e-con-boxed e-con e-parent\" data-id=\"b032c96\" data-element_type=\"container\" data-e-type=\"container\">\n\t\t\t\t\t<div class=\"e-con-inner\">\n\t\t\t\t<div class=\"elementor-element elementor-element-a8de855 elementor-widget elementor-widget-text-editor\" data-id=\"a8de855\" data-element_type=\"widget\" data-e-type=\"widget\" data-widget_type=\"text-editor.default\">\n\t\t\t\t<div class=\"elementor-widget-container\">\n\t\t\t\t\t\t\t\t\t<section class=\"elementor-section elementor-top-section elementor-element elementor-element-0f6ff71 elementor-section-boxed elementor-section-height-default elementor-section-height-default\" data-id=\"0f6ff71\" data-element_type=\"section\"><div class=\"elementor-container elementor-column-gap-default\"><div class=\"elementor-column elementor-col-100 elementor-top-column elementor-element elementor-element-a289b0a\" data-id=\"a289b0a\" data-element_type=\"column\"><div class=\"elementor-widget-wrap elementor-element-populated\"><div class=\"elementor-element elementor-element-1a992c5 elementor-widget elementor-widget-text-editor\" data-id=\"1a992c5\" data-element_type=\"widget\" data-widget_type=\"text-editor.default\"><div class=\"elementor-widget-container\"><h2 class=\"ch4\">Darf es etwas mehr sein?<\/h2><p>Unsere Weblandschaft ist dank MS-SQL Server-Technologie darauf ausgelegt komplexe Datenbanken \u00fcber das Internet zu verwalten und die Daten zu visualisieren.<br \/><br \/>Besonders gerne setzen wir hybride Techniken ein um beispielsweise eine gro\u00dfe Anwendung in zwei Teile zu zerlegen. Der Gro\u00dfteil der Anwendung wird dann mittels RDP-Webclient bedient und z.B. ein Reporting oder Eingaben von Au\u00dfendienstmitarbeitern werden \u00fcber eine Webapplikation realisiert.<br \/>So ist es beispielsweise m\u00f6glich mit relativ wenig Aufwand ein komplexes System \u201eins Web\u201c zu bringen.<\/p><p>Auf Wunsch erstellen wir nat\u00fcrlich auch komplexe Systeme vollst\u00e4ndig als Webapplikation.<\/p><\/div><\/div><\/div><\/div><\/div><\/section>\t\t\t\t\t\t\t\t<\/div>\n\t\t\t\t<\/div>\n\t\t\t\t\t<\/div>\n\t\t\t\t<\/div>\n\t\t\t\t<\/div>\n\t\t","protected":false},"excerpt":{"rendered":"<p>Webseiten Webhosting Wir betreiben seit einigen Jahren eine eigene Serverlandschaft mit verschiedenen MS SQL-, MySQL-, Windows- und Linuxservern welche auch durch uns administriert werden. Sie k\u00f6nnen daher bei uns einen \u201eRundumservice\u201c geniessen. Unsere Leistungen im Bereich Hosting umfassen Domainregistrierung Webspace und E-Maildienst virtuelle und echte Server Administration und Datensicherung Webdesign Wir erstellen Single-Page-Webanwendungen ebenso wie&hellip;<\/p>\n","protected":false},"author":1,"featured_media":0,"parent":0,"menu_order":0,"comment_status":"closed","ping_status":"closed","template":"elementor_header_footer","meta":{"footnotes":""},"class_list":["post-122","page","type-page","status-publish","hentry"],"aioseo_notices":[],"_links":{"self":[{"href":"https:\/\/www.eudatabase.de\/index.php\/wp-json\/wp\/v2\/pages\/122","targetHints":{"allow":["GET"]}}],"collection":[{"href":"https:\/\/www.eudatabase.de\/index.php\/wp-json\/wp\/v2\/pages"}],"about":[{"href":"https:\/\/www.eudatabase.de\/index.php\/wp-json\/wp\/v2\/types\/page"}],"author":[{"embeddable":true,"href":"https:\/\/www.eudatabase.de\/index.php\/wp-json\/wp\/v2\/users\/1"}],"replies":[{"embeddable":true,"href":"https:\/\/www.eudatabase.de\/index.php\/wp-json\/wp\/v2\/comments?post=122"}],"version-history":[{"count":4,"href":"https:\/\/www.eudatabase.de\/index.php\/wp-json\/wp\/v2\/pages\/122\/revisions"}],"predecessor-version":[{"id":127,"href":"https:\/\/www.eudatabase.de\/index.php\/wp-json\/wp\/v2\/pages\/122\/revisions\/127"}],"wp:attachment":[{"href":"https:\/\/www.eudatabase.de\/index.php\/wp-json\/wp\/v2\/media?parent=122"}],"curies":[{"name":"wp","href":"https:\/\/api.w.org\/{rel}","templated":true}]}}