{"id":128,"date":"2024-08-20T10:13:30","date_gmt":"2024-08-20T08:13:30","guid":{"rendered":"https:\/\/www.eudatabase.de\/?page_id=128"},"modified":"2024-08-20T10:15:00","modified_gmt":"2024-08-20T08:15:00","slug":"schulungen","status":"publish","type":"page","link":"https:\/\/www.eudatabase.de\/index.php\/schulungen\/","title":{"rendered":"Schulungen"},"content":{"rendered":"\t\t<div data-elementor-type=\"wp-page\" data-elementor-id=\"128\" class=\"elementor elementor-128\">\n\t\t\t\t<div class=\"elementor-element elementor-element-7a50892 e-flex e-con-boxed e-con e-parent\" data-id=\"7a50892\" data-element_type=\"container\" data-e-type=\"container\">\n\t\t\t\t\t<div class=\"e-con-inner\">\n\t\t\t\t<div class=\"elementor-element elementor-element-8b83656 elementor-widget elementor-widget-heading\" data-id=\"8b83656\" data-element_type=\"widget\" data-e-type=\"widget\" data-widget_type=\"heading.default\">\n\t\t\t\t<div class=\"elementor-widget-container\">\n\t\t\t\t\t<h2 class=\"elementor-heading-title elementor-size-default\">Schulungen<\/h2>\t\t\t\t<\/div>\n\t\t\t\t<\/div>\n\t\t\t\t\t<\/div>\n\t\t\t\t<\/div>\n\t\t<div class=\"elementor-element elementor-element-5bca614 e-flex e-con-boxed e-con e-parent\" data-id=\"5bca614\" data-element_type=\"container\" data-e-type=\"container\">\n\t\t\t\t\t<div class=\"e-con-inner\">\n\t\t\t\t<div class=\"elementor-element elementor-element-649d32d elementor-widget elementor-widget-image\" data-id=\"649d32d\" data-element_type=\"widget\" data-e-type=\"widget\" data-widget_type=\"image.default\">\n\t\t\t\t<div class=\"elementor-widget-container\">\n\t\t\t\t\t\t\t\t\t\t\t\t\t\t\t<img fetchpriority=\"high\" decoding=\"async\" width=\"600\" height=\"100\" src=\"https:\/\/www.eudatabase.de\/wp-content\/uploads\/2024\/08\/AccessCoachingLogo_600.jpg\" class=\"attachment-large size-large wp-image-130\" alt=\"\" srcset=\"https:\/\/www.eudatabase.de\/wp-content\/uploads\/2024\/08\/AccessCoachingLogo_600.jpg 600w, https:\/\/www.eudatabase.de\/wp-content\/uploads\/2024\/08\/AccessCoachingLogo_600-300x50.jpg 300w\" sizes=\"(max-width: 600px) 100vw, 600px\" \/>\t\t\t\t\t\t\t\t\t\t\t\t\t\t\t<\/div>\n\t\t\t\t<\/div>\n\t\t\t\t\t<\/div>\n\t\t\t\t<\/div>\n\t\t<div class=\"elementor-element elementor-element-01471e6 e-flex e-con-boxed e-con e-parent\" data-id=\"01471e6\" data-element_type=\"container\" data-e-type=\"container\">\n\t\t\t\t\t<div class=\"e-con-inner\">\n\t\t\t\t<div class=\"elementor-element elementor-element-1b8abe7 elementor-widget elementor-widget-text-editor\" data-id=\"1b8abe7\" data-element_type=\"widget\" data-e-type=\"widget\" data-widget_type=\"text-editor.default\">\n\t\t\t\t<div class=\"elementor-widget-container\">\n\t\t\t\t\t\t\t\t\t<section class=\"elementor-section elementor-top-section elementor-element elementor-element-700ec05 elementor-section-boxed elementor-section-height-default elementor-section-height-default\" data-id=\"700ec05\" data-element_type=\"section\"><div class=\"elementor-container elementor-column-gap-default\"><div class=\"elementor-column elementor-col-100 elementor-top-column elementor-element elementor-element-b68a117\" data-id=\"b68a117\" data-element_type=\"column\"><div class=\"elementor-widget-wrap elementor-element-populated\"><div class=\"elementor-element elementor-element-b8e3ddb elementor-widget elementor-widget-text-editor\" data-id=\"b8e3ddb\" data-element_type=\"widget\" data-widget_type=\"text-editor.default\"><div class=\"elementor-widget-container\"><div class=\"col-md-12 col-xs-12\"><p>Wir geben Ihnen keine supertollen theoretischen Tipps, die Sie m\u00fchsam auf bestehende Projekte adaptieren m\u00fcssen oder die nicht wirklich ihr aktuelles Problem l\u00f6sen.<\/p><p>Wir coachen im laufenden Projekt. Egal welches Niveau Sie mitbringen wir haben die richtige Schulung f\u00fcr Sie.<\/p><p>Sie w\u00fcrden gern mal mit Jemandem \u00fcber die bereits bestehenden Strukturen und Programmierungen sprechen. \u00dcber Optimierungspotential, Erweiterbarkeit und Vereinfachung der Wartung diskutieren. Wir sind nicht nur Coaches \u2013 Wir sind ihr konstruktiver Partner.<\/p><p>Mit einem ersten Blick von Au\u00dfen und vielen Jahren Erfahrung finden wir auch f\u00fcr Sie die M\u00f6glichkeiten, die Ihnen schnell und einfach umsetzbar die Luft verschaffen, um ihre Systeme sukzessive zu optimieren. Wir lieben L\u00f6sungen, die nicht nur an den Symptomen werkeln, sondern die Ursachen beheben.<\/p><p class=\"ch4\">Nur wenn Sie ein gutes Gef\u00fchl haben, haben wir unseren Job gut gemacht.<\/p><\/div><div class=\"col-lg-12 col-md-12 col-sm-12 col-xs-12\"><h1 class=\"ch3\">F\u00fcr Entscheider<\/h1><p><b>Ihre Zeit ist kostbar \u2013 Ihre Entscheidungen sind wertvoll.<\/b><br \/>Wir m\u00f6chten Ihnen an einem halben Tag all die Informationen mitgeben, die Ihnen bei der Wahl der Software f\u00fcr die Oberfl\u00e4chen von Datenbank-Anwendungen helfen k\u00f6nnen.<br \/>Insbesondere jedoch m\u00f6chten wir Ihnen die immer wieder erheblich untersch\u00e4tzten M\u00f6glichkeiten von Microsoft Access speziell in der Pilotphase n\u00e4herbringen und an einigen Beispielen vorf\u00fchren, wie schnell sich diverse Anforderungen f\u00fcr die Benutzeroberfl\u00e4chen mit MS Access im Vergleich zu anderen Programmiertechniken umsetzen lassen.<br \/><br \/>Wir gehen mit Ihnen die wichtigsten Fragen durch:<\/p><ul><li>Welche M\u00f6glichkeiten bietet Access?<\/li><li>Wartung und Update-Management?<\/li><li>Welche Kosten und Einsparpotentiale gibt es?<\/li><li>Welche Datenmengen k\u00f6nnen verarbeitet werden?<\/li><li>Welche Schnittstellen gibt es?<\/li><li>Wieso hat Access einen so schlechten Ruf?<\/li><\/ul>Wir werden Ihnen an diesem Tag nicht nur diese Fragen beantworten.<br \/>Auch gehen wir auf die Fragen ein, welche Projekte in Access umgesetzt werden k\u00f6nnen, und welche nicht.<br \/>Wir zeigen Ihnen, mit welchem Aufwand f\u00fcr ein Projekt wirklich zu Rechnen ist und nennen Zahlen und Fakten auf Basis erfolgreich realisierter Projekte.<p>\u00a0<\/p><\/div><div class=\"col-lg-12 col-md-12 col-sm-12 col-xs-12\"><h1 class=\"ch3\">F\u00fcr Entwickler<\/h1><p>Sie geh\u00f6ren zu einer der folgenden Gruppen?<\/p><ul><li>Sie finden Access interessant und m\u00f6chten es n\u00e4her kennenlernen?<\/li><li>Sie betreuen in ihrer Firma Access nebenbei?<\/li><li>Sie sind selbst\u00e4ndiger Entwickler?<\/li><li>Sie beraten Unternehmen bezgl. der IT-Systeme?<\/li><li>Access? Schonmal geh\u00f6rt \u2013 Soll irgendwas mit Daten sein\u2026.<\/li><\/ul>In einem Wochenend-Kurs mit ganzheitlichem Ansatz und viel Teamwork bringen wir Ihnen Access n\u00e4her.<br \/>Selbstverst\u00e4ndlich sind hier auch individuelle Coachings bereits erfahrener Entwickler m\u00f6glich.<p>\u00a0<\/p><\/div><div class=\"col-lg-12 col-md-12 col-sm-12 col-xs-12\"><h1 class=\"ch3\">F\u00fcr M\u00fctter und V\u00e4ter<\/h1><p>Sie konnten bis heute nicht an Seminaren, Fortbildungen oder Konferenzen teilnehmen, weil Sie sich immer wieder die Frage stellen mussten:<br \/>Kind \/ Familie oder Fortbildung?<\/p><p>Wir bieten Ihnen die M\u00f6glichkeit beides unter einen Hut zu bringen.<\/p><p>Bringen Sie Ihr Kind\/Ihre Kinder und Ihren Partner\/Ihre Partnerin doch einfach mit.<\/p><p>Unser einw\u00f6chiges Seminar haben wir so gestaltet, dass immer wieder Zeit f\u00fcr die Familie bleibt.<br \/>Sie k\u00f6nnen sich also mal einen Tag \u201efrei nehmen\u201c, und nur der Familie widmen.<br \/>Sie k\u00f6nnen ganz entspannt an einem Teamwork-Nachmittag teilnehmen, da ihr Partner sich um die Kinder k\u00fcmmert, oder mit diesen einen Ausflug macht. Oder aber Sie geben die Kids in die Obhut der Kinderbetreuung der Familienfreundlichen Anlage.<\/p><\/div><\/div><\/div><\/div><\/div><\/div><\/section>\t\t\t\t\t\t\t\t<\/div>\n\t\t\t\t<\/div>\n\t\t\t\t\t<\/div>\n\t\t\t\t<\/div>\n\t\t\t\t<\/div>\n\t\t","protected":false},"excerpt":{"rendered":"<p>Schulungen Wir geben Ihnen keine supertollen theoretischen Tipps, die Sie m\u00fchsam auf bestehende Projekte adaptieren m\u00fcssen oder die nicht wirklich ihr aktuelles Problem l\u00f6sen. Wir coachen im laufenden Projekt. Egal welches Niveau Sie mitbringen wir haben die richtige Schulung f\u00fcr Sie. Sie w\u00fcrden gern mal mit Jemandem \u00fcber die bereits bestehenden Strukturen und Programmierungen sprechen.&hellip;<\/p>\n","protected":false},"author":1,"featured_media":0,"parent":0,"menu_order":0,"comment_status":"closed","ping_status":"closed","template":"elementor_header_footer","meta":{"footnotes":""},"class_list":["post-128","page","type-page","status-publish","hentry"],"aioseo_notices":[],"_links":{"self":[{"href":"https:\/\/www.eudatabase.de\/index.php\/wp-json\/wp\/v2\/pages\/128","targetHints":{"allow":["GET"]}}],"collection":[{"href":"https:\/\/www.eudatabase.de\/index.php\/wp-json\/wp\/v2\/pages"}],"about":[{"href":"https:\/\/www.eudatabase.de\/index.php\/wp-json\/wp\/v2\/types\/page"}],"author":[{"embeddable":true,"href":"https:\/\/www.eudatabase.de\/index.php\/wp-json\/wp\/v2\/users\/1"}],"replies":[{"embeddable":true,"href":"https:\/\/www.eudatabase.de\/index.php\/wp-json\/wp\/v2\/comments?post=128"}],"version-history":[{"count":4,"href":"https:\/\/www.eudatabase.de\/index.php\/wp-json\/wp\/v2\/pages\/128\/revisions"}],"predecessor-version":[{"id":133,"href":"https:\/\/www.eudatabase.de\/index.php\/wp-json\/wp\/v2\/pages\/128\/revisions\/133"}],"wp:attachment":[{"href":"https:\/\/www.eudatabase.de\/index.php\/wp-json\/wp\/v2\/media?parent=128"}],"curies":[{"name":"wp","href":"https:\/\/api.w.org\/{rel}","templated":true}]}}