{"id":139,"date":"2024-08-20T10:19:39","date_gmt":"2024-08-20T08:19:39","guid":{"rendered":"https:\/\/www.eudatabase.de\/?page_id=139"},"modified":"2024-12-21T16:52:21","modified_gmt":"2024-12-21T15:52:21","slug":"ueber-das-unternehmen","status":"publish","type":"page","link":"https:\/\/www.eudatabase.de\/index.php\/ueber-das-unternehmen\/","title":{"rendered":"\u00dcber das Unternehmen"},"content":{"rendered":"\t\t<div data-elementor-type=\"wp-page\" data-elementor-id=\"139\" class=\"elementor elementor-139\">\n\t\t\t\t<div class=\"elementor-element elementor-element-f4e7dd9 e-flex e-con-boxed e-con e-parent\" data-id=\"f4e7dd9\" data-element_type=\"container\" data-e-type=\"container\">\n\t\t\t\t\t<div class=\"e-con-inner\">\n\t\t\t\t<div class=\"elementor-element elementor-element-6150890 elementor-widget elementor-widget-heading\" data-id=\"6150890\" data-element_type=\"widget\" data-e-type=\"widget\" data-widget_type=\"heading.default\">\n\t\t\t\t<div class=\"elementor-widget-container\">\n\t\t\t\t\t<h2 class=\"elementor-heading-title elementor-size-default\">\u00dcber das Unternehmen<\/h2>\t\t\t\t<\/div>\n\t\t\t\t<\/div>\n\t\t\t\t\t<\/div>\n\t\t\t\t<\/div>\n\t\t<div class=\"elementor-element elementor-element-2977b0b e-flex e-con-boxed e-con e-parent\" data-id=\"2977b0b\" data-element_type=\"container\" data-e-type=\"container\">\n\t\t\t\t\t<div class=\"e-con-inner\">\n\t\t\t\t<div class=\"elementor-element elementor-element-c8608a0 elementor-widget elementor-widget-text-editor\" data-id=\"c8608a0\" data-element_type=\"widget\" data-e-type=\"widget\" data-widget_type=\"text-editor.default\">\n\t\t\t\t<div class=\"elementor-widget-container\">\n\t\t\t\t\t\t\t\t\t<div class=\"entry-content\"><div class=\"elementor elementor-233\" data-elementor-type=\"wp-page\" data-elementor-id=\"233\"><section class=\"elementor-section elementor-top-section elementor-element elementor-element-f5ef78b elementor-section-boxed elementor-section-height-default elementor-section-height-default\" data-id=\"f5ef78b\" data-element_type=\"section\"><div class=\"elementor-container elementor-column-gap-default\"><div class=\"elementor-column elementor-col-100 elementor-top-column elementor-element elementor-element-b3b30f0\" data-id=\"b3b30f0\" data-element_type=\"column\"><div class=\"elementor-widget-wrap elementor-element-populated\"><div class=\"elementor-element elementor-element-24cd8a0 elementor-widget elementor-widget-text-editor\" data-id=\"24cd8a0\" data-element_type=\"widget\" data-widget_type=\"text-editor.default\"><div class=\"elementor-widget-container\"><p>Das Unternehmen Software Development Fried wurde im Jahre 1990 durch Mike Fried in Neuruppin (Land Brandenburg) gegr\u00fcndet.<br \/>Das Einzelunternehmen besch\u00e4ftigte sich anf\u00e4nglich mit dem Vertrieb und der Reparatur von Computersystemen.<br \/>Die Einf\u00fchrung PC gest\u00fctzter Kassensysteme in der Gastronomie setzte mit der Entwicklung eines Solchen den Wendepunkt.<br \/><br \/>Seit dem befasst sich die SDF nahe zu ausschlie\u00dflich mit der Projektierung und Durchf\u00fchrung von Softwareprojekten in verschiedenen Programmiersprachen.<br \/><br \/><\/p><p>1993 \u2013 1995 Borland Pascal<\/p><p>1995 \u2013 1998 CA Clipper<\/p><p>seit 1998 Microsoft Access, MS SQL-Server, Visual Basic<\/p><p>seit 2001 Oracle Server, PHP, ASP, MySQL<\/p><p>\u00a0<\/p><p>Durch die Vielfalt der Kundenanforderungen entstand im Jahr 1999 die Idee eine Kommunikationsplattform zur aktiven Zusammenarbeit mit anderen Unternehmen zu schaffen. Aus dieser Idee wurde die EU Database Group geboren.<\/p><p>Im Jahr 2001 begann das Unternehmen sich mit der Entwicklung von aktiven Internetseiten zu besch\u00e4ftigen. Dazu z\u00e4hlen Plattformen, Shops und Informationssysteme. Seit dem 01.01.2002 betreibt das Unternehmen mehrere eigene Webserver, die speziell f\u00fcr die Darstellung aktiver Internetauftritte und Terminalserverapplikationen konzipiert wurden.<\/p><\/div><\/div><\/div><\/div><\/div><\/section><\/div><\/div>\t\t\t\t\t\t\t\t<\/div>\n\t\t\t\t<\/div>\n\t\t\t\t\t<\/div>\n\t\t\t\t<\/div>\n\t\t<div class=\"elementor-element elementor-element-3f4a668 e-flex e-con-boxed e-con e-parent\" data-id=\"3f4a668\" data-element_type=\"container\" data-e-type=\"container\">\n\t\t\t\t\t<div class=\"e-con-inner\">\n\t\t\t\t<div class=\"elementor-element elementor-element-29ed919 elementor-widget elementor-widget-text-editor\" data-id=\"29ed919\" data-element_type=\"widget\" data-e-type=\"widget\" data-widget_type=\"text-editor.default\">\n\t\t\t\t<div class=\"elementor-widget-container\">\n\t\t\t\t\t\t\t\t\t<p>Die MF Bonega GmbH wurde im Jahr 2000 als Handelsgesellschaft von Madalina und Mike Fried gegr\u00fcndet. Sie ist eingetragenes Unternehmen am Amtsgericht Darmstadt. Auch die GmbH besch\u00e4ftigt sich mit der Erstellung und dem Vertrieb von Softwareprodukten und Dienstleistungen. Momentan arbeiten beide Unternehmen parallel. Die GmbH aber auf l\u00e4ngere Zeit St\u00fcck f\u00fcr St\u00fcck die Arbeiten der Sofrware Development Fried \u00fcbernehmen.<\/p>\t\t\t\t\t\t\t\t<\/div>\n\t\t\t\t<\/div>\n\t\t\t\t\t<\/div>\n\t\t\t\t<\/div>\n\t\t\t\t<\/div>\n\t\t","protected":false},"excerpt":{"rendered":"<p>\u00dcber das Unternehmen Das Unternehmen Software Development Fried wurde im Jahre 1990 durch Mike Fried in Neuruppin (Land Brandenburg) gegr\u00fcndet.Das Einzelunternehmen besch\u00e4ftigte sich anf\u00e4nglich mit dem Vertrieb und der Reparatur von Computersystemen.Die Einf\u00fchrung PC gest\u00fctzter Kassensysteme in der Gastronomie setzte mit der Entwicklung eines Solchen den Wendepunkt. Seit dem befasst sich die SDF nahe zu&hellip;<\/p>\n","protected":false},"author":1,"featured_media":0,"parent":0,"menu_order":0,"comment_status":"closed","ping_status":"closed","template":"elementor_header_footer","meta":{"footnotes":""},"class_list":["post-139","page","type-page","status-publish","hentry"],"aioseo_notices":[],"_links":{"self":[{"href":"https:\/\/www.eudatabase.de\/index.php\/wp-json\/wp\/v2\/pages\/139","targetHints":{"allow":["GET"]}}],"collection":[{"href":"https:\/\/www.eudatabase.de\/index.php\/wp-json\/wp\/v2\/pages"}],"about":[{"href":"https:\/\/www.eudatabase.de\/index.php\/wp-json\/wp\/v2\/types\/page"}],"author":[{"embeddable":true,"href":"https:\/\/www.eudatabase.de\/index.php\/wp-json\/wp\/v2\/users\/1"}],"replies":[{"embeddable":true,"href":"https:\/\/www.eudatabase.de\/index.php\/wp-json\/wp\/v2\/comments?post=139"}],"version-history":[{"count":7,"href":"https:\/\/www.eudatabase.de\/index.php\/wp-json\/wp\/v2\/pages\/139\/revisions"}],"predecessor-version":[{"id":386,"href":"https:\/\/www.eudatabase.de\/index.php\/wp-json\/wp\/v2\/pages\/139\/revisions\/386"}],"wp:attachment":[{"href":"https:\/\/www.eudatabase.de\/index.php\/wp-json\/wp\/v2\/media?parent=139"}],"curies":[{"name":"wp","href":"https:\/\/api.w.org\/{rel}","templated":true}]}}