{"id":144,"date":"2024-08-20T10:43:36","date_gmt":"2024-08-20T08:43:36","guid":{"rendered":"https:\/\/www.eudatabase.de\/?page_id=144"},"modified":"2026-02-03T11:11:34","modified_gmt":"2026-02-03T10:11:34","slug":"ueber-den-inhaber","status":"publish","type":"page","link":"https:\/\/www.eudatabase.de\/index.php\/ueber-den-inhaber\/","title":{"rendered":"\u00fcber den Inhaber"},"content":{"rendered":"\t\t<div data-elementor-type=\"wp-page\" data-elementor-id=\"144\" class=\"elementor elementor-144\">\n\t\t\t\t<div class=\"elementor-element elementor-element-9316a5c e-flex e-con-boxed e-con e-parent\" data-id=\"9316a5c\" data-element_type=\"container\" data-e-type=\"container\">\n\t\t\t\t\t<div class=\"e-con-inner\">\n\t\t\t\t<div class=\"elementor-element elementor-element-c958de3 elementor-widget elementor-widget-heading\" data-id=\"c958de3\" data-element_type=\"widget\" data-e-type=\"widget\" data-widget_type=\"heading.default\">\n\t\t\t\t<div class=\"elementor-widget-container\">\n\t\t\t\t\t<h2 class=\"elementor-heading-title elementor-size-default\">\u00fcber den Inhaber<\/h2>\t\t\t\t<\/div>\n\t\t\t\t<\/div>\n\t\t\t\t\t<\/div>\n\t\t\t\t<\/div>\n\t\t<div class=\"elementor-element elementor-element-44f1821 e-flex e-con-boxed e-con e-parent\" data-id=\"44f1821\" data-element_type=\"container\" data-e-type=\"container\">\n\t\t\t\t\t<div class=\"e-con-inner\">\n\t\t\t\t<div class=\"elementor-element elementor-element-9c2a282 elementor-widget elementor-widget-text-editor\" data-id=\"9c2a282\" data-element_type=\"widget\" data-e-type=\"widget\" data-widget_type=\"text-editor.default\">\n\t\t\t\t<div class=\"elementor-widget-container\">\n\t\t\t\t\t\t\t\t\t<section class=\"elementor-section elementor-top-section elementor-element elementor-element-43284d7 elementor-section-boxed elementor-section-height-default elementor-section-height-default\" data-id=\"43284d7\" data-element_type=\"section\">\n<div class=\"elementor-container elementor-column-gap-default\">\n<div class=\"elementor-column elementor-col-100 elementor-top-column elementor-element elementor-element-57fd43f\" data-id=\"57fd43f\" data-element_type=\"column\">\n<div class=\"elementor-widget-wrap elementor-element-populated\"><section class=\"elementor-section elementor-inner-section elementor-element elementor-element-b6178b4 elementor-section-boxed elementor-section-height-default elementor-section-height-default\" data-id=\"b6178b4\" data-element_type=\"section\">\n<div class=\"elementor-container elementor-column-gap-default\">\n<div class=\"elementor-column elementor-col-50 elementor-inner-column elementor-element elementor-element-2cd8f1b\" data-id=\"2cd8f1b\" data-element_type=\"column\">\n<div class=\"elementor-widget-wrap elementor-element-populated\">\n<div class=\"elementor-element elementor-element-64a6253 elementor-widget elementor-widget-image\" data-id=\"64a6253\" data-element_type=\"widget\" data-widget_type=\"image.default\">\n<div class=\"elementor-widget-container\"><img fetchpriority=\"high\" decoding=\"async\" class=\"attachment-medium size-medium\" src=\"https:\/\/s2.eudatabase.com\/wp-content\/uploads\/2020\/05\/IMG_5811-e1665157145873-274x300.png\" sizes=\"(max-width: 274px) 100vw, 274px\" srcset=\"https:\/\/www.eudatabase.de\/wp-content\/uploads\/2024\/08\/IMG_5811_ohne-Hintergrund.jpg\" alt=\"\" width=\"274\" height=\"300\" \/><\/div>\n<\/div>\n<\/div>\n<\/div>\n<div class=\"elementor-column elementor-col-50 elementor-inner-column elementor-element elementor-element-b7f3039\" data-id=\"b7f3039\" data-element_type=\"column\">\n<div class=\"elementor-widget-wrap elementor-element-populated\">\n<div class=\"elementor-element elementor-element-3295e40 elementor-widget elementor-widget-text-editor\" data-id=\"3295e40\" data-element_type=\"widget\" data-widget_type=\"text-editor.default\">\n<div class=\"elementor-widget-container\">\n<table border=\"0\" width=\"100%\">\n<tbody>\n<tr>\n<td width=\"15%\">\n<div>Name<\/div><\/td>\n<td rowspan=\"6\" width=\"25%\">\n<p align=\"center\"><\/p>\n<\/td>\n<td colspan=\"2\" width=\"60%\">\n<div>Mike Fried<\/div><\/td>\n<\/tr>\n<tr>\n<td>\n<div>Titel<\/div><\/td>\n<td colspan=\"2\">\n<div>staatlich gepr\u00fcfter Techniker f\u00fcr Energieelektronik<\/div><\/td>\n<\/tr>\n<tr>\n<td rowspan=\"4\">Unternehmen<\/td>\n<td colspan=\"2\">\n<div>EUDatabase SDF\nWiesengasse 3\nD 64291 Darmstadt<\/div><\/td>\n<\/tr>\n<tr>\n<td width=\"4%\">Telefon<\/td>\n<td width=\"34%\">+49 6150 530807<\/td>\n<\/tr>\n<tr>\n<td width=\"4%\">E-Mail<\/td>\n<td width=\"34%\"><a href=\"mailto:Fried@EUDatabase.de\">Fried@EUDatabase.de<\/a><\/td>\n<\/tr>\n<tr>\n<td width=\"4%\">Internet<\/td>\n<td width=\"34%\"><a href=\"http:\/\/www.eudatabase.de\/\">www.EUDatabase.de<\/a><\/td>\n<\/tr>\n<tr>\n<td>\n<div>Geburtsjahr<\/div><\/td>\n<td align=\"center\" width=\"18%\">\n<div>1969<\/div><\/td>\n<td colspan=\"2\">\n<div>Neuruppin (Deutschland \/ Brandenburg)<\/div><\/td>\n<\/tr>\n<tr>\n<td>Schulabschluss<\/td>\n<td align=\"center\" width=\"18%\">1989<\/td>\n<td colspan=\"2\">Abitur<\/td>\n<\/tr>\n<\/tbody>\n<\/table>\n<\/div>\n<\/div>\n<\/div>\n<\/div>\n<\/div>\n<\/section>\n<div class=\"elementor-element elementor-element-abdbb9e elementor-widget-divider--view-line elementor-widget elementor-widget-divider\" data-id=\"abdbb9e\" data-element_type=\"widget\" data-widget_type=\"divider.default\">\n<div class=\"elementor-widget-container\">\n<div class=\"elementor-divider\"><\/div>\n<\/div>\n<\/div>\n<div class=\"elementor-element elementor-element-c32477e elementor-widget elementor-widget-text-editor\" data-id=\"c32477e\" data-element_type=\"widget\" data-widget_type=\"text-editor.default\">\n<div class=\"elementor-widget-container\">\n<table border=\"0\" width=\"100%\">\n<tbody>\n<tr>\n<td rowspan=\"2\" width=\"33%\">Ausbildung<\/td>\n<td align=\"center\" width=\"33%\">1986 \u2013 1989<\/td>\n<td colspan=\"2\" width=\"33%\">Lehre zum Elektronikfacharbeiter<\/td>\n<\/tr>\n<tr>\n<td align=\"center\">1991 \u2013 1994<\/td>\n<td colspan=\"2\">Fachschule f\u00fcr Technik \u201eW. v. Heisenberg\u201c R\u00fcsselsheim<\/td>\n<\/tr>\n<\/tbody>\n<\/table>\n<\/div>\n<\/div>\n<div class=\"elementor-element elementor-element-109b5a8 elementor-widget-divider--view-line elementor-widget elementor-widget-divider\" data-id=\"109b5a8\" data-element_type=\"widget\" data-widget_type=\"divider.default\">\n<div class=\"elementor-widget-container\">\n<div class=\"elementor-divider\"><\/div>\n<\/div>\n<\/div>\n<div class=\"elementor-element elementor-element-145d0b1 elementor-widget elementor-widget-text-editor\" data-id=\"145d0b1\" data-element_type=\"widget\" data-widget_type=\"text-editor.default\">\n<div class=\"elementor-widget-container\">\n<table border=\"0\" width=\"100%\">\n<tbody>\n<tr>\n<td rowspan=\"3\" width=\"33%\">Berufliche T\u00e4tigkeit<\/td>\n<td align=\"center\" width=\"33%\">1989 \u2013 1990<\/td>\n<td colspan=\"2\">Fertigungs\u00fcberwachung in der Leiterplattenherstellung<\/td>\n<\/tr>\n<tr>\n<td align=\"center\" width=\"33%\">1990 \u2013 1993<\/td>\n<td colspan=\"2\">Angestellter im technischen Magazin Aufgabengebiet : Einf\u00fchrung der EDV<\/td>\n<\/tr>\n<tr>\n<td align=\"center\">1993 \u2013 1995<\/td>\n<td colspan=\"2\">Prokurist im Dienstleistungsgewerbe<\/td>\n<\/tr>\n<\/tbody>\n<\/table>\n<\/div>\n<\/div>\n<div class=\"elementor-element elementor-element-8c0bcb7 elementor-widget-divider--view-line elementor-widget elementor-widget-divider\" data-id=\"8c0bcb7\" data-element_type=\"widget\" data-widget_type=\"divider.default\">\n<div class=\"elementor-widget-container\">\n<div class=\"elementor-divider\"><\/div>\n<\/div>\n<\/div>\n<div class=\"elementor-element elementor-element-54e46b1 elementor-widget elementor-widget-text-editor\" data-id=\"54e46b1\" data-element_type=\"widget\" data-widget_type=\"text-editor.default\">\n<div class=\"elementor-widget-container\">\n<table border=\"0\" width=\"100%\">\n<tbody>\n<tr>\n<td rowspan=\"3\" width=\"33%\">Selbst\u00e4ndige T\u00e4tigkeit<\/td>\n<td align=\"center\" width=\"33%\">1995 \u2013 2000<\/td>\n<td colspan=\"2\" width=\"33%\">Dienstleister im B\u00fcroinformationselektronikerhandwerk<\/td>\n<\/tr>\n<tr>\n<td align=\"center\">seit 2000<\/td>\n<td colspan=\"2\">Softwareentwickler<\/td>\n<\/tr>\n<tr>\n<td align=\"center\">seit 2016<\/td>\n<td colspan=\"2\">zertifizierter Sachverst\u00e4ndiger (DGSV) Fachgebiet EDV-Programmierung<\/td>\n<\/tr>\n<\/tbody>\n<\/table>\n<\/div>\n<\/div>\n<div class=\"elementor-element elementor-element-bc5b558 elementor-widget-divider--view-line elementor-widget elementor-widget-divider\" data-id=\"bc5b558\" data-element_type=\"widget\" data-widget_type=\"divider.default\">\n<div class=\"elementor-widget-container\">\n<div class=\"elementor-divider\"><\/div>\n<\/div>\n<\/div>\n<\/div>\n<\/div>\n<\/div>\n<\/section>\t\t\t\t\t\t\t\t<\/div>\n\t\t\t\t<\/div>\n\t\t\t\t\t<\/div>\n\t\t\t\t<\/div>\n\t\t\t\t<\/div>\n\t\t","protected":false},"excerpt":{"rendered":"<p>\u00fcber den Inhaber Name Mike Fried Titel staatlich gepr\u00fcfter Techniker f\u00fcr Energieelektronik Unternehmen EUDatabase SDF Wiesengasse 3 D 64291 Darmstadt Telefon +49 6150 530807 E-Mail Fried@EUDatabase.de Internet www.EUDatabase.de Geburtsjahr 1969 Neuruppin (Deutschland \/ Brandenburg) Schulabschluss 1989 Abitur Ausbildung 1986 \u2013 1989 Lehre zum Elektronikfacharbeiter 1991 \u2013 1994 Fachschule f\u00fcr Technik \u201eW. v. Heisenberg\u201c R\u00fcsselsheim Berufliche&hellip;<\/p>\n","protected":false},"author":1,"featured_media":0,"parent":0,"menu_order":0,"comment_status":"closed","ping_status":"closed","template":"elementor_header_footer","meta":{"footnotes":""},"class_list":["post-144","page","type-page","status-publish","hentry"],"aioseo_notices":[],"_links":{"self":[{"href":"https:\/\/www.eudatabase.de\/index.php\/wp-json\/wp\/v2\/pages\/144","targetHints":{"allow":["GET"]}}],"collection":[{"href":"https:\/\/www.eudatabase.de\/index.php\/wp-json\/wp\/v2\/pages"}],"about":[{"href":"https:\/\/www.eudatabase.de\/index.php\/wp-json\/wp\/v2\/types\/page"}],"author":[{"embeddable":true,"href":"https:\/\/www.eudatabase.de\/index.php\/wp-json\/wp\/v2\/users\/1"}],"replies":[{"embeddable":true,"href":"https:\/\/www.eudatabase.de\/index.php\/wp-json\/wp\/v2\/comments?post=144"}],"version-history":[{"count":7,"href":"https:\/\/www.eudatabase.de\/index.php\/wp-json\/wp\/v2\/pages\/144\/revisions"}],"predecessor-version":[{"id":482,"href":"https:\/\/www.eudatabase.de\/index.php\/wp-json\/wp\/v2\/pages\/144\/revisions\/482"}],"wp:attachment":[{"href":"https:\/\/www.eudatabase.de\/index.php\/wp-json\/wp\/v2\/media?parent=144"}],"curies":[{"name":"wp","href":"https:\/\/api.w.org\/{rel}","templated":true}]}}