{"id":314,"date":"2024-12-13T18:19:08","date_gmt":"2024-12-13T17:19:08","guid":{"rendered":"https:\/\/www.eudatabase.de\/?page_id=314"},"modified":"2024-12-14T15:06:56","modified_gmt":"2024-12-14T14:06:56","slug":"mfb-e-rechnungsklasse","status":"publish","type":"page","link":"https:\/\/www.eudatabase.de\/index.php\/mfb-e-rechnungsklasse\/","title":{"rendered":"MFB E-Rechnungsklasse"},"content":{"rendered":"\t\t<div data-elementor-type=\"wp-page\" data-elementor-id=\"314\" class=\"elementor elementor-314\">\n\t\t\t\t<div class=\"elementor-element elementor-element-b8c1a6c e-flex e-con-boxed e-con e-parent\" data-id=\"b8c1a6c\" data-element_type=\"container\" data-e-type=\"container\">\n\t\t\t\t\t<div class=\"e-con-inner\">\n\t\t\t\t<div class=\"elementor-element elementor-element-bbdc97c elementor-widget elementor-widget-heading\" data-id=\"bbdc97c\" data-element_type=\"widget\" data-e-type=\"widget\" data-widget_type=\"heading.default\">\n\t\t\t\t<div class=\"elementor-widget-container\">\n\t\t\t\t\t<h1 class=\"elementor-heading-title elementor-size-default\">MFB E-Rechnungsklasse<\/h1>\t\t\t\t<\/div>\n\t\t\t\t<\/div>\n\t\t\t\t\t<\/div>\n\t\t\t\t<\/div>\n\t\t<div class=\"elementor-element elementor-element-7b4ee31 e-flex e-con-boxed e-con e-parent\" data-id=\"7b4ee31\" data-element_type=\"container\" data-e-type=\"container\">\n\t\t\t\t\t<div class=\"e-con-inner\">\n\t\t\t\t<div class=\"elementor-element elementor-element-83d095f elementor-widget elementor-widget-text-editor\" data-id=\"83d095f\" data-element_type=\"widget\" data-e-type=\"widget\" data-widget_type=\"text-editor.default\">\n\t\t\t\t<div class=\"elementor-widget-container\">\n\t\t\t\t\t\t\t\t\t<p style=\"text-align: center;\"><b>Ab dem 1. Januar 2025 gilt die grunds\u00e4tzliche Verpflichtung zwischen inl\u00e4ndischen Unternehmern zur Ausstellung (Versand) einer elektronischen Rechnung<\/b>.<br \/>Als elektronische Rechnung werden XML Dateien im CII oder UBL Format (sogenannte XRechnungen) oder das hybride Format ZUGFeRD Format angesehen. Reine PDF Dateien k\u00f6nnen zwar eine Rechnung sein, sind aber keine E-Rechnungen! Hier finden Sie die L\u00f6sung f\u00fcr Ihre VBA basierte Buchhaltung.<\/p>\t\t\t\t\t\t\t\t<\/div>\n\t\t\t\t<\/div>\n\t\t\t\t\t<\/div>\n\t\t\t\t<\/div>\n\t\t<div class=\"elementor-element elementor-element-7fb8af6 e-flex e-con-boxed e-con e-parent\" data-id=\"7fb8af6\" data-element_type=\"container\" data-e-type=\"container\">\n\t\t\t\t\t<div class=\"e-con-inner\">\n\t\t<div class=\"elementor-element elementor-element-f905c47 e-con-full e-flex e-con e-child\" data-id=\"f905c47\" data-element_type=\"container\" data-e-type=\"container\">\n\t\t\t\t<div class=\"elementor-element elementor-element-4644d8d elementor-widget elementor-widget-image\" data-id=\"4644d8d\" data-element_type=\"widget\" data-e-type=\"widget\" data-widget_type=\"image.default\">\n\t\t\t\t<div class=\"elementor-widget-container\">\n\t\t\t\t\t\t\t\t\t\t\t\t\t\t\t<img fetchpriority=\"high\" decoding=\"async\" width=\"777\" height=\"1024\" src=\"https:\/\/www.eudatabase.de\/wp-content\/uploads\/2024\/12\/Karton-777x1024.png\" class=\"attachment-large size-large wp-image-316\" alt=\"\" srcset=\"https:\/\/www.eudatabase.de\/wp-content\/uploads\/2024\/12\/Karton-777x1024.png 777w, https:\/\/www.eudatabase.de\/wp-content\/uploads\/2024\/12\/Karton-228x300.png 228w, https:\/\/www.eudatabase.de\/wp-content\/uploads\/2024\/12\/Karton-768x1012.png 768w, https:\/\/www.eudatabase.de\/wp-content\/uploads\/2024\/12\/Karton-1166x1536.png 1166w, https:\/\/www.eudatabase.de\/wp-content\/uploads\/2024\/12\/Karton-1555x2048.png 1555w\" sizes=\"(max-width: 777px) 100vw, 777px\" \/>\t\t\t\t\t\t\t\t\t\t\t\t\t\t\t<\/div>\n\t\t\t\t<\/div>\n\t\t\t\t<\/div>\n\t\t<div class=\"elementor-element elementor-element-8b7b421 e-con-full e-flex e-con e-child\" data-id=\"8b7b421\" data-element_type=\"container\" data-e-type=\"container\">\n\t\t\t\t<div class=\"elementor-element elementor-element-d6af22f elementor-widget elementor-widget-text-editor\" data-id=\"d6af22f\" data-element_type=\"widget\" data-e-type=\"widget\" data-widget_type=\"text-editor.default\">\n\t\t\t\t<div class=\"elementor-widget-container\">\n\t\t\t\t\t\t\t\t\t<h2>MFB E-Rechnungsklassen in VBA<\/h2><p>Basierend auf MS Access aber auch in Excel einsetzbar beinhaltet unsere Sammlung zwei Klassen (CII und UBL) zur Erstellung von XRechnungen im offenen Quellcode. Zus\u00e4tzlich ist ein Modul enthalten, mit dem E-Rechnungen ausgelesen und in eine Tabelle geschrieben werden.F\u00fcr das Lesen und Erstellen von hybriden ZUGFeRD Rechnungen wird ein Hilfsprogramm z.B. das kostenlose Kommandozeilentool der MF Bonega \u00b4GmbH ben\u00f6tigt.<\/p>\t\t\t\t\t\t\t\t<\/div>\n\t\t\t\t<\/div>\n\t\t\t\t<div class=\"elementor-element elementor-element-8a1fd3f elementor-align-center elementor-widget elementor-widget-button\" data-id=\"8a1fd3f\" data-element_type=\"widget\" data-e-type=\"widget\" data-widget_type=\"button.default\">\n\t\t\t\t<div class=\"elementor-widget-container\">\n\t\t\t\t\t\t\t\t\t<div class=\"elementor-button-wrapper\">\n\t\t\t\t\t<a class=\"elementor-button elementor-button-link elementor-size-sm\" href=\"#\">\n\t\t\t\t\t\t<span class=\"elementor-button-content-wrapper\">\n\t\t\t\t\t\t\t\t\t<span class=\"elementor-button-text\">Jetzt Kaufen f\u00fcr 297,50\u20ac<\/span>\n\t\t\t\t\t<\/span>\n\t\t\t\t\t<\/a>\n\t\t\t\t<\/div>\n\t\t\t\t\t\t\t\t<\/div>\n\t\t\t\t<\/div>\n\t\t\t\t<div class=\"elementor-element elementor-element-99b109e elementor-align-center elementor-widget elementor-widget-button\" data-id=\"99b109e\" data-element_type=\"widget\" data-e-type=\"widget\" data-widget_type=\"button.default\">\n\t\t\t\t<div class=\"elementor-widget-container\">\n\t\t\t\t\t\t\t\t\t<div class=\"elementor-button-wrapper\">\n\t\t\t\t\t<a class=\"elementor-button elementor-button-link elementor-size-sm\" href=\"#\">\n\t\t\t\t\t\t<span class=\"elementor-button-content-wrapper\">\n\t\t\t\t\t\t\t\t\t<span class=\"elementor-button-text\">Zum Lizenzvertrag (bitte vorher lesen)<\/span>\n\t\t\t\t\t<\/span>\n\t\t\t\t\t<\/a>\n\t\t\t\t<\/div>\n\t\t\t\t\t\t\t\t<\/div>\n\t\t\t\t<\/div>\n\t\t\t\t<\/div>\n\t\t\t\t\t<\/div>\n\t\t\t\t<\/div>\n\t\t<div class=\"elementor-element elementor-element-0883b5e e-flex e-con-boxed e-con e-parent\" data-id=\"0883b5e\" data-element_type=\"container\" data-e-type=\"container\">\n\t\t\t\t\t<div class=\"e-con-inner\">\n\t\t<div class=\"elementor-element elementor-element-d441eeb e-con-full e-flex e-con e-child\" data-id=\"d441eeb\" data-element_type=\"container\" data-e-type=\"container\">\n\t\t\t\t<div class=\"elementor-element elementor-element-00bf846 elementor-widget elementor-widget-text-editor\" data-id=\"00bf846\" data-element_type=\"widget\" data-e-type=\"widget\" data-widget_type=\"text-editor.default\">\n\t\t\t\t<div class=\"elementor-widget-container\">\n\t\t\t\t\t\t\t\t\t<h2>MFB ZUGFeRD Kommandozeilentool<\/h2><p>ZUGFeRD ist ein branchen\u00fcbergreifendes Datenformat f\u00fcr den elektronischen Rechnungsdatenaustausch, das vom Forum elektronische Rechnung Deutschland (FeRD) mit Unterst\u00fctzung des Bundesministeriums f\u00fcr Wirtschaft und Energie erarbeitet wurde.<\/p><p>Unser Kommandozeilentool erm\u00f6glicht es Ihnen Ihre PDF-Rechnung mit einer CII-XRechnungsdatei zu kombinieren\u00a0 und somit rechtskonforme ZUGFeRD Rechnungen zu erstellen. Ausserdem kann das Tool genutzt werden um den XML-Inhalt von ZUGFeRD Rechnungen zu extrahieren.<\/p><p>Das Tool basiert auf dem Open Source Mustang Projekt und kann hier kostenlos herunter geladen werden.<\/p>\t\t\t\t\t\t\t\t<\/div>\n\t\t\t\t<\/div>\n\t\t\t\t<\/div>\n\t\t<div class=\"elementor-element elementor-element-dc9bba0 e-con-full e-flex e-con e-child\" data-id=\"dc9bba0\" data-element_type=\"container\" data-e-type=\"container\">\n\t\t\t\t<div class=\"elementor-element elementor-element-b807c8d elementor-widget elementor-widget-image\" data-id=\"b807c8d\" data-element_type=\"widget\" data-e-type=\"widget\" data-widget_type=\"image.default\">\n\t\t\t\t<div class=\"elementor-widget-container\">\n\t\t\t\t\t\t\t\t\t\t\t\t\t\t\t<img decoding=\"async\" width=\"1024\" height=\"550\" src=\"https:\/\/www.eudatabase.de\/wp-content\/uploads\/2024\/12\/ZUGFeRD.png\" class=\"attachment-large size-large wp-image-317\" alt=\"\" srcset=\"https:\/\/www.eudatabase.de\/wp-content\/uploads\/2024\/12\/ZUGFeRD.png 1024w, https:\/\/www.eudatabase.de\/wp-content\/uploads\/2024\/12\/ZUGFeRD-300x161.png 300w, https:\/\/www.eudatabase.de\/wp-content\/uploads\/2024\/12\/ZUGFeRD-768x413.png 768w\" sizes=\"(max-width: 1024px) 100vw, 1024px\" \/>\t\t\t\t\t\t\t\t\t\t\t\t\t\t\t<\/div>\n\t\t\t\t<\/div>\n\t\t\t\t<div class=\"elementor-element elementor-element-431dcad elementor-align-center elementor-widget elementor-widget-button\" data-id=\"431dcad\" data-element_type=\"widget\" data-e-type=\"widget\" data-widget_type=\"button.default\">\n\t\t\t\t<div class=\"elementor-widget-container\">\n\t\t\t\t\t\t\t\t\t<div class=\"elementor-button-wrapper\">\n\t\t\t\t\t<a class=\"elementor-button elementor-button-link elementor-size-sm\" href=\"#\">\n\t\t\t\t\t\t<span class=\"elementor-button-content-wrapper\">\n\t\t\t\t\t\t\t\t\t<span class=\"elementor-button-text\">Hier kostenlos herunterladen<\/span>\n\t\t\t\t\t<\/span>\n\t\t\t\t\t<\/a>\n\t\t\t\t<\/div>\n\t\t\t\t\t\t\t\t<\/div>\n\t\t\t\t<\/div>\n\t\t\t\t<div class=\"elementor-element elementor-element-fa8fe3d elementor-widget elementor-widget-text-editor\" data-id=\"fa8fe3d\" data-element_type=\"widget\" data-e-type=\"widget\" data-widget_type=\"text-editor.default\">\n\t\t\t\t<div class=\"elementor-widget-container\">\n\t\t\t\t\t\t\t\t\t<p>Auch geeignet f\u00fcr andere Tools um per Kommandozeile ZUGFeRD Rechnungen zu erstellen oder das XML zu extrahieren.<\/p>\t\t\t\t\t\t\t\t<\/div>\n\t\t\t\t<\/div>\n\t\t\t\t<\/div>\n\t\t\t\t\t<\/div>\n\t\t\t\t<\/div>\n\t\t\t\t<\/div>\n\t\t","protected":false},"excerpt":{"rendered":"<p>MFB E-Rechnungsklasse Ab dem 1. Januar 2025 gilt die grunds\u00e4tzliche Verpflichtung zwischen inl\u00e4ndischen Unternehmern zur Ausstellung (Versand) einer elektronischen Rechnung.Als elektronische Rechnung werden XML Dateien im CII oder UBL Format (sogenannte XRechnungen) oder das hybride Format ZUGFeRD Format angesehen. Reine PDF Dateien k\u00f6nnen zwar eine Rechnung sein, sind aber keine E-Rechnungen! Hier finden Sie die&hellip;<\/p>\n","protected":false},"author":1,"featured_media":0,"parent":0,"menu_order":0,"comment_status":"closed","ping_status":"closed","template":"elementor_header_footer","meta":{"footnotes":""},"class_list":["post-314","page","type-page","status-publish","hentry"],"aioseo_notices":[],"_links":{"self":[{"href":"https:\/\/www.eudatabase.de\/index.php\/wp-json\/wp\/v2\/pages\/314","targetHints":{"allow":["GET"]}}],"collection":[{"href":"https:\/\/www.eudatabase.de\/index.php\/wp-json\/wp\/v2\/pages"}],"about":[{"href":"https:\/\/www.eudatabase.de\/index.php\/wp-json\/wp\/v2\/types\/page"}],"author":[{"embeddable":true,"href":"https:\/\/www.eudatabase.de\/index.php\/wp-json\/wp\/v2\/users\/1"}],"replies":[{"embeddable":true,"href":"https:\/\/www.eudatabase.de\/index.php\/wp-json\/wp\/v2\/comments?post=314"}],"version-history":[{"count":11,"href":"https:\/\/www.eudatabase.de\/index.php\/wp-json\/wp\/v2\/pages\/314\/revisions"}],"predecessor-version":[{"id":332,"href":"https:\/\/www.eudatabase.de\/index.php\/wp-json\/wp\/v2\/pages\/314\/revisions\/332"}],"wp:attachment":[{"href":"https:\/\/www.eudatabase.de\/index.php\/wp-json\/wp\/v2\/media?parent=314"}],"curies":[{"name":"wp","href":"https:\/\/api.w.org\/{rel}","templated":true}]}}