{"id":76,"date":"2024-08-19T17:30:35","date_gmt":"2024-08-19T15:30:35","guid":{"rendered":"https:\/\/www.eudatabase.de\/?page_id=76"},"modified":"2024-12-21T16:56:32","modified_gmt":"2024-12-21T15:56:32","slug":"impressum","status":"publish","type":"page","link":"https:\/\/www.eudatabase.de\/index.php\/impressum\/","title":{"rendered":"Impressum"},"content":{"rendered":"\t\t<div data-elementor-type=\"wp-page\" data-elementor-id=\"76\" class=\"elementor elementor-76\">\n\t\t\t\t<div class=\"elementor-element elementor-element-b5e0fd0 e-flex e-con-boxed e-con e-parent\" data-id=\"b5e0fd0\" data-element_type=\"container\" data-e-type=\"container\">\n\t\t\t\t\t<div class=\"e-con-inner\">\n\t\t<div class=\"elementor-element elementor-element-96b65ba e-con-full e-flex e-con e-child\" data-id=\"96b65ba\" data-element_type=\"container\" data-e-type=\"container\">\n\t\t\t\t<div class=\"elementor-element elementor-element-90b2f9d elementor-widget elementor-widget-text-editor\" data-id=\"90b2f9d\" data-element_type=\"widget\" data-e-type=\"widget\" data-widget_type=\"text-editor.default\">\n\t\t\t\t<div class=\"elementor-widget-container\">\n\t\t\t\t\t\t\t\t\t<h4>Herausgeber &amp; Verantwortlicher<\/h4><p><b>Software Development Fried<\/b><\/p><p>Wiesengasse 3<\/p><p>D-64291 Darmstadt<\/p><p>Telefon +49 6150 530807<\/p><p>Mail fried@eudatabase.de<\/p><p>USt-IDNr.: DE156997525<\/p>\t\t\t\t\t\t\t\t<\/div>\n\t\t\t\t<\/div>\n\t\t\t\t<\/div>\n\t\t<div class=\"elementor-element elementor-element-442088c e-con-full e-flex e-con e-child\" data-id=\"442088c\" data-element_type=\"container\" data-e-type=\"container\">\n\t\t\t\t<div class=\"elementor-element elementor-element-33a8beb elementor-widget elementor-widget-text-editor\" data-id=\"33a8beb\" data-element_type=\"widget\" data-e-type=\"widget\" data-widget_type=\"text-editor.default\">\n\t\t\t\t<div class=\"elementor-widget-container\">\n\t\t\t\t\t\t\t\t\t<p><b>MF Bonega GmbH<\/b><\/p><p>Wiesengasse 3<\/p><p>D-64291 Darmstadt<\/p><p>Telefon +49 6150 530807<\/p><p>Mail info@bonega.de<\/p><p>USt-IDNr.: DE332349684<\/p><p>Amtsgericht Darmstadt HRB 100 765<\/p><p>Gesch\u00e4ftsf\u00fchrer Madalina &amp; Mike Fried<\/p>\t\t\t\t\t\t\t\t<\/div>\n\t\t\t\t<\/div>\n\t\t\t\t<\/div>\n\t\t\t\t\t<\/div>\n\t\t\t\t<\/div>\n\t\t<div class=\"elementor-element elementor-element-704f4ade e-flex e-con-boxed e-con e-parent\" data-id=\"704f4ade\" data-element_type=\"container\" data-e-type=\"container\">\n\t\t\t\t\t<div class=\"e-con-inner\">\n\t\t\t\t<div class=\"elementor-element elementor-element-311f656d elementor-widget elementor-widget-text-editor\" data-id=\"311f656d\" data-element_type=\"widget\" data-e-type=\"widget\" data-widget_type=\"text-editor.default\">\n\t\t\t\t<div class=\"elementor-widget-container\">\n\t\t\t\t\t\t\t\t\t<h4>Gestaltung, Programmierung und Design<\/h4><p><b>Software Development Fried<\/b><\/p><p>Wiesengasse 3<\/p><p>D-64291 Darmstadt<\/p><h4>\u00a0<\/h4><h4>Rechtliche Hinweise<\/h4><p>Alle Rechte vorbehalten. Insbesondere d\u00fcrfen Nachdruck, Aufnahme in Online-Dienste und Internet und Vervielf\u00e4ltigung auf Datentr\u00e4ger wie CD-ROM, DVD-ROM etc. nur nach vorheriger schriftlicher Zustimmung durch Software Development Fried erfolgen. Dieses Copyright gilt f\u00fcr Text und Bild!! Software Development Fried ist als Inhaltsanbieter f\u00fcr die eigenen Inhalte, die sie zur Nutzung bereith\u00e4lt, nach den allgemeinen Gesetzen verantwortlich. Von diesen eigenen Inhalten sind Querverweise (&#8222;Links&#8220;) auf die von anderen Anbietern bereitgehaltenen Inhalte zu unterscheiden. Die verlinkten und fremden Inhalte stammen weder von der Software Development Fried , noch haben wir die M\u00f6glichkeit, den Inhalt der Seiten von Dritter zu beeinflussen. Die Inhalte fremder Seiten, auf die Software Development Fried mit Hilfe von Links hinweist, spiegeln nicht unsere Meinung wieder, sondern dienen lediglich zur Information und der Darstellung von Zusammenh\u00e4ngen. Software Development Fried haftet nicht f\u00fcr fremde Inhalte, auf die sie lediglich im oben genannten Sinne hinweist. Die Verantwortlichkeit liegt alleine bei dem Anbieter der Inhalte.<\/p><h4>Inhalt der Website<\/h4><p>Obwohl wir stets bem\u00fcht sind, die Informationen auf unseren Websites genau und aktuell zu halten, \u00fcbernehmen wir keinerlei Gew\u00e4hr f\u00fcr die Aktualit\u00e4t, Korrektheit, Vollst\u00e4ndigkeit oder Qualit\u00e4t der bereitgestellten Informationen. Haftungsanspr\u00fcche gegen uns oder den Autor, die sich auf Sch\u00e4den materieller oder ideeller Art beziehen, welche durch die Nutzung oder Nichtnutzung der dargebotenen Informationen bzw. durch die Nutzung fehlerhafter und unvollst\u00e4ndiger Informationen verursacht wurden, sind grunds\u00e4tzlich ausgeschlossen, sofern unsererseits oder seitens des Autors kein vors\u00e4tzliches oder grob fahrl\u00e4ssiges Verschulden vorliegt. Alle Angebote sind freibleibend und unverbindlich. Wir behalten uns ausdr\u00fccklich vor, Teile der Seiten oder das gesamte Angebot ohne gesonderte Ank\u00fcndigung zu ver\u00e4ndern, zu erg\u00e4nzen, zu l\u00f6schen oder die Ver\u00f6ffentlichung zeitweise oder endg\u00fcltig einzustellen.<\/p><h4>Verweise und Links<\/h4><p>Sofern auf Links direkt oder indirekt verwiesen wird, welche au\u00dferhalb des Verantwortungsbereiches von Software Development Fried liegen, haftet allein der Anbieter dieser Seiten. Wir \u00fcbernehmen durch die Verweisung keinerlei Haftung f\u00fcr die Inhalte der Verweisziele. F\u00fcr Sch\u00e4den, die aus der Nutzung oder Nichtnutzung solcherart dargebotener Informationen entstehen, haftet allein der Anbieter dieser Seiten. Diese Einschr\u00e4nkung gilt gleicherma\u00dfen auch f\u00fcr Fremdeintr\u00e4ge in von uns eingerichteten G\u00e4steb\u00fcchern, Diskussionsforen und Mailinglisten. Die Einbindung von Inhalten von Software Development Fried (Internetseiten in Internetseiten anderer Anbieter (iFraming) erfordert die vorherige Zustimmung von uns und es muss dabei jederzeit ersichtlich sein, dass diese Inhalte von uns sind.<\/p><h4>Urheberrecht<\/h4><p>Das Copyright aller Internetinhalte steht allein und vollumf\u00e4nglich Software Development Fried zu. Eine Verwendung oder Downloads der Inhalte z. B. Grafiken, Sounds oder Texte in anderen elektronischen oder gedruckten Publikationen ist, ohne ausdr\u00fcckliche Zustimmung nicht gestattet. \u00a0<\/p>\t\t\t\t\t\t\t\t<\/div>\n\t\t\t\t<\/div>\n\t\t\t\t\t<\/div>\n\t\t\t\t<\/div>\n\t\t\t\t<\/div>\n\t\t","protected":false},"excerpt":{"rendered":"<p>Herausgeber &amp; Verantwortlicher Software Development Fried Wiesengasse 3 D-64291 Darmstadt Telefon +49 6150 530807 Mail fried@eudatabase.de USt-IDNr.: DE156997525 MF Bonega GmbH Wiesengasse 3 D-64291 Darmstadt Telefon +49 6150 530807 Mail info@bonega.de USt-IDNr.: DE332349684 Amtsgericht Darmstadt HRB 100 765 Gesch\u00e4ftsf\u00fchrer Madalina &amp; Mike Fried Gestaltung, Programmierung und Design Software Development Fried Wiesengasse 3 D-64291 Darmstadt \u00a0&hellip;<\/p>\n","protected":false},"author":1,"featured_media":0,"parent":0,"menu_order":0,"comment_status":"closed","ping_status":"closed","template":"elementor_header_footer","meta":{"footnotes":""},"class_list":["post-76","page","type-page","status-publish","hentry"],"aioseo_notices":[],"_links":{"self":[{"href":"https:\/\/www.eudatabase.de\/index.php\/wp-json\/wp\/v2\/pages\/76","targetHints":{"allow":["GET"]}}],"collection":[{"href":"https:\/\/www.eudatabase.de\/index.php\/wp-json\/wp\/v2\/pages"}],"about":[{"href":"https:\/\/www.eudatabase.de\/index.php\/wp-json\/wp\/v2\/types\/page"}],"author":[{"embeddable":true,"href":"https:\/\/www.eudatabase.de\/index.php\/wp-json\/wp\/v2\/users\/1"}],"replies":[{"embeddable":true,"href":"https:\/\/www.eudatabase.de\/index.php\/wp-json\/wp\/v2\/comments?post=76"}],"version-history":[{"count":17,"href":"https:\/\/www.eudatabase.de\/index.php\/wp-json\/wp\/v2\/pages\/76\/revisions"}],"predecessor-version":[{"id":473,"href":"https:\/\/www.eudatabase.de\/index.php\/wp-json\/wp\/v2\/pages\/76\/revisions\/473"}],"wp:attachment":[{"href":"https:\/\/www.eudatabase.de\/index.php\/wp-json\/wp\/v2\/media?parent=76"}],"curies":[{"name":"wp","href":"https:\/\/api.w.org\/{rel}","templated":true}]}}