{"id":95,"date":"2024-08-20T09:48:45","date_gmt":"2024-08-20T07:48:45","guid":{"rendered":"https:\/\/www.eudatabase.de\/?page_id=95"},"modified":"2024-08-20T09:55:18","modified_gmt":"2024-08-20T07:55:18","slug":"software-und-datenbankentwicklung","status":"publish","type":"page","link":"https:\/\/www.eudatabase.de\/index.php\/software-und-datenbankentwicklung\/","title":{"rendered":"Software- und Datenbankentwicklung"},"content":{"rendered":"\t\t<div data-elementor-type=\"wp-page\" data-elementor-id=\"95\" class=\"elementor elementor-95\">\n\t\t\t\t<div class=\"elementor-element elementor-element-3ea7b92 e-flex e-con-boxed e-con e-parent\" data-id=\"3ea7b92\" data-element_type=\"container\" data-e-type=\"container\">\n\t\t\t\t\t<div class=\"e-con-inner\">\n\t\t\t\t<div class=\"elementor-element elementor-element-35789f4 elementor-widget elementor-widget-heading\" data-id=\"35789f4\" data-element_type=\"widget\" data-e-type=\"widget\" data-widget_type=\"heading.default\">\n\t\t\t\t<div class=\"elementor-widget-container\">\n\t\t\t\t\t<h2 class=\"elementor-heading-title elementor-size-default\">Software- und Datenbankentwicklung<\/h2>\t\t\t\t<\/div>\n\t\t\t\t<\/div>\n\t\t\t\t<div class=\"elementor-element elementor-element-d4b208d elementor-widget elementor-widget-text-editor\" data-id=\"d4b208d\" data-element_type=\"widget\" data-e-type=\"widget\" data-widget_type=\"text-editor.default\">\n\t\t\t\t<div class=\"elementor-widget-container\">\n\t\t\t\t\t\t\t\t\t<section class=\"elementor-section elementor-top-section elementor-element elementor-element-042b313 elementor-section-boxed elementor-section-height-default elementor-section-height-default\" data-id=\"042b313\" data-element_type=\"section\"><div class=\"elementor-container elementor-column-gap-default\"><div class=\"elementor-column elementor-col-100 elementor-top-column elementor-element elementor-element-728a4c9\" data-id=\"728a4c9\" data-element_type=\"column\"><div class=\"elementor-widget-wrap elementor-element-populated\"><div class=\"elementor-element elementor-element-1c759a9 elementor-widget elementor-widget-text-editor\" data-id=\"1c759a9\" data-element_type=\"widget\" data-widget_type=\"text-editor.default\"><div class=\"elementor-widget-container\"><p><b>Jedes Unternehmen ist individuell. Wir beraten Sie gerne in allen Fragen rund um Soft- und Hardware.<\/b><\/p><p>Egal ob es sich um die Optimierung von Betriebsabl\u00e4ufen, die M\u00f6glichkeiten der datentechnischen Weiterverarbeitung oder die Neuanschaffung von Hard- oder Software handelt.<\/p><\/div><\/div><\/div><\/div><\/div><\/section>\t\t\t\t\t\t\t\t<\/div>\n\t\t\t\t<\/div>\n\t\t\t\t\t<\/div>\n\t\t\t\t<\/div>\n\t\t<div class=\"elementor-element elementor-element-db38b10 e-flex e-con-boxed e-con e-parent\" data-id=\"db38b10\" data-element_type=\"container\" data-e-type=\"container\">\n\t\t\t\t\t<div class=\"e-con-inner\">\n\t\t<div class=\"elementor-element elementor-element-6b70c54 e-con-full e-flex e-con e-child\" data-id=\"6b70c54\" data-element_type=\"container\" data-e-type=\"container\">\n\t\t\t\t<div class=\"elementor-element elementor-element-8f8590c elementor-widget elementor-widget-text-editor\" data-id=\"8f8590c\" data-element_type=\"widget\" data-e-type=\"widget\" data-widget_type=\"text-editor.default\">\n\t\t\t\t<div class=\"elementor-widget-container\">\n\t\t\t\t\t\t\t\t\t<div class=\"elementor-column elementor-col-100 elementor-inner-column elementor-element elementor-element-22864b1\" data-id=\"22864b1\" data-element_type=\"column\"><div class=\"elementor-widget-wrap elementor-element-populated\"><div class=\"elementor-element elementor-element-6a6e720 elementor-widget elementor-widget-text-editor\" data-id=\"6a6e720\" data-element_type=\"widget\" data-widget_type=\"text-editor.default\"><div class=\"elementor-widget-container\"><p><b>Sie wollen Sich mit einer neuen Software ausstatten?<br \/>Haben Sie an alles gedacht?<\/b><\/p><p>Diese Frage zu beantworten ist sicherlich nicht leicht. Wir haben die Erfahrung gemacht, dass selbst ausgereifte Pflichtenhefte nicht die tats\u00e4chlichen Probleme im Arbeitsalltag widerspiegeln.<\/p><p><b>Standardsoftware oder Individualsoftware?<\/b><\/p><p>Im Einsatz von Standardsoftware sehen viele Firmen die beste L\u00f6sung. Sie ist billig und enth\u00e4lt L\u00f6sungen f\u00fcr alle wichtigen Aufgaben. Jeder Unternehmer sollte jedoch daran denken, dass Standardsoftware nur kosteneffektiv entwickelt werden kann, wenn gen\u00fcgend m\u00f6gliche Kunden damit bedient werden k\u00f6nnen.<\/p><\/div><\/div><\/div><\/div>\t\t\t\t\t\t\t\t<\/div>\n\t\t\t\t<\/div>\n\t\t\t\t<\/div>\n\t\t<div class=\"elementor-element elementor-element-cdd06cf e-con-full e-flex e-con e-child\" data-id=\"cdd06cf\" data-element_type=\"container\" data-e-type=\"container\">\n\t\t\t\t<div class=\"elementor-element elementor-element-fa4d144 elementor-widget elementor-widget-image\" data-id=\"fa4d144\" data-element_type=\"widget\" data-e-type=\"widget\" data-widget_type=\"image.default\">\n\t\t\t\t<div class=\"elementor-widget-container\">\n\t\t\t\t\t\t\t\t\t\t\t\t\t\t\t<img fetchpriority=\"high\" decoding=\"async\" width=\"300\" height=\"231\" src=\"https:\/\/www.eudatabase.de\/wp-content\/uploads\/2024\/08\/login.jpg\" class=\"attachment-large size-large wp-image-97\" alt=\"\" \/>\t\t\t\t\t\t\t\t\t\t\t\t\t\t\t<\/div>\n\t\t\t\t<\/div>\n\t\t\t\t<\/div>\n\t\t\t\t\t<\/div>\n\t\t\t\t<\/div>\n\t\t<div class=\"elementor-element elementor-element-f1ce949 e-flex e-con-boxed e-con e-parent\" data-id=\"f1ce949\" data-element_type=\"container\" data-e-type=\"container\">\n\t\t\t\t\t<div class=\"e-con-inner\">\n\t\t\t\t<div class=\"elementor-element elementor-element-da6ca55 elementor-widget elementor-widget-text-editor\" data-id=\"da6ca55\" data-element_type=\"widget\" data-e-type=\"widget\" data-widget_type=\"text-editor.default\">\n\t\t\t\t<div class=\"elementor-widget-container\">\n\t\t\t\t\t\t\t\t\t<div class=\"col-lg-12 col-md-12 col-sm-12 col-xs-12\"><p>Das Resultat sind immer \u201em\u00e4chtigere\u201c Softwarepakete, die dann auf die einzelnen Anwendungssituationen konfiguriert werden muss. Die Komplexit\u00e4t vieler Standardprodukte ist jedoch inzwischen kaum noch zu \u00fcberblicken. Viele Anwender sind mit der Konfiguration solcher Produkte \u00fcberfordert.<br \/>Standardpakete erschlagen professionelle Anwender. Die Kosten f\u00fcr nicht reibungsfrei laufende Software oder hinzunehmende Umstellungen des Betriebsablaufs werden meist nicht einkalkuliert.<br \/><br \/>Anders bei Individualsoftware. Trotz des zun\u00e4chst h\u00f6heren Kostenaufwands kann diese langfristig preiswerter sein. Die Effizienz der Mitarbeiter kann durch optimierte Softwareabl\u00e4ufe gesteigert werden. Die Software selbst ben\u00f6tigt weniger Ressourcen als ein Standardpaket, da sie nicht durch Konfiguration auf bestimmte Funktionen eingeschr\u00e4nkt wird.<\/p><\/div><div class=\"col-lg-12 col-md-12 col-sm-12 col-xs-12\"><p><b>Die EUDatabase Gruppe entwickelt projektorientierte kundenspezifische Software.<\/b><\/p><p>Unser Ziel ist die Schaffung einer gr\u00f6sstm\u00f6glichen Effizienz beim Kunden durch massgeschneiderte Softwarefunktionen, die ein Standardprodukt nie bieten kann.<br \/><br \/>Ein paar Stichworte hierzu sind die Automatisierung der Routineabl\u00e4ufe, Fehlervermeidung durch spezifische Eingabeevaluierung, konsistente Daten trotz Mitarbeiterfluktuation und die Einbindung spezieller Hardware.<\/p><\/div><div class=\"col-lg-12 col-md-12 col-sm-12 col-xs-12\"><p><b>Die Entwicklung von Software mit h\u00f6chstem Qualit\u00e4tsstandart ist das Ziel unseres Unternehmens.<\/b><\/p><p>Die EUDatabase Gruppe ist auf die Entwicklung von MS Access und MS SQL- Server Applikationen spezialisiert. Die Analyse komplexer Arbeitsabl\u00e4ufe, die Erstellung von Lastenheften und die programmiertechnische Umsetzung sind das Hauptarbeitsgebiet unseres Unternehmens.<\/p><div class=\"col-lg-12 col-md-12 col-sm-12 col-xs-12\"><p><b>Zu den weiteren Schwerpunkten unserer Arbeit geh\u00f6ren :<\/b><\/p><ul><li>Erstellung von Webseiten<\/li><li>Soft- und Hardware Betreuung<\/li><li>Netzwerkadministration<\/li><li>Softwareschulungen<\/li><\/ul><\/div><\/div>\t\t\t\t\t\t\t\t<\/div>\n\t\t\t\t<\/div>\n\t\t\t\t\t<\/div>\n\t\t\t\t<\/div>\n\t\t<div class=\"elementor-element elementor-element-e90a7ec e-flex e-con-boxed e-con e-parent\" data-id=\"e90a7ec\" data-element_type=\"container\" data-e-type=\"container\">\n\t\t\t\t\t<div class=\"e-con-inner\">\n\t\t<div class=\"elementor-element elementor-element-d48727c e-con-full e-flex e-con e-child\" data-id=\"d48727c\" data-element_type=\"container\" data-e-type=\"container\">\n\t\t\t\t<div class=\"elementor-element elementor-element-266bba6 elementor-widget elementor-widget-image\" data-id=\"266bba6\" data-element_type=\"widget\" data-e-type=\"widget\" data-widget_type=\"image.default\">\n\t\t\t\t<div class=\"elementor-widget-container\">\n\t\t\t\t\t\t\t\t\t\t\t\t\t\t\t<img decoding=\"async\" width=\"300\" height=\"400\" src=\"https:\/\/www.eudatabase.de\/wp-content\/uploads\/2024\/08\/datenbank.jpg\" class=\"attachment-large size-large wp-image-98\" alt=\"\" srcset=\"https:\/\/www.eudatabase.de\/wp-content\/uploads\/2024\/08\/datenbank.jpg 300w, https:\/\/www.eudatabase.de\/wp-content\/uploads\/2024\/08\/datenbank-225x300.jpg 225w\" sizes=\"(max-width: 300px) 100vw, 300px\" \/>\t\t\t\t\t\t\t\t\t\t\t\t\t\t\t<\/div>\n\t\t\t\t<\/div>\n\t\t\t\t<\/div>\n\t\t<div class=\"elementor-element elementor-element-41f4f6f e-con-full e-flex e-con e-child\" data-id=\"41f4f6f\" data-element_type=\"container\" data-e-type=\"container\">\n\t\t\t\t<div class=\"elementor-element elementor-element-e88d742 elementor-widget elementor-widget-text-editor\" data-id=\"e88d742\" data-element_type=\"widget\" data-e-type=\"widget\" data-widget_type=\"text-editor.default\">\n\t\t\t\t<div class=\"elementor-widget-container\">\n\t\t\t\t\t\t\t\t\t<div class=\"elementor-column elementor-col-100 elementor-inner-column elementor-element elementor-element-f473edd\" data-id=\"f473edd\" data-element_type=\"column\"><div class=\"elementor-widget-wrap elementor-element-populated\"><div class=\"elementor-element elementor-element-18d88e6 elementor-widget elementor-widget-text-editor\" data-id=\"18d88e6\" data-element_type=\"widget\" data-widget_type=\"text-editor.default\"><div class=\"elementor-widget-container\"><h3 class=\"ch3\">Datenbanken sind das Herzst\u00fcck eines jeden Unternehmens.<\/h3><h3 class=\"ch3\">Sie sind der Container der all Ihr Wissen speichert.<\/h3><p>Es gibt verschiedene Typen von Datenbanken. Der eine benutzt den guten alten Zettel der andere einen m\u00e4chtigen Datenbankserver im Netzwerk.<\/p><p>Die Art und Weise Daten zu speichern ist also nicht an Systeme gebunden. Jeder kleine Notizzettel ist eine Datenbank f\u00fcr sich.<\/p><p>Worauf es jedoch ankommt ist die Nachhaltigkeit und Verwertbarkeit von Daten.<\/p><p>Sie wissen das selbst wenn Sie jedes PostIt\u00ae akribisch abheften dessen Informationen \u00fcber die Zeit in einem Ordner verloren gehen und Sie dessen Inhalt nicht mehr verwerten k\u00f6nnen.<\/p><p>Denken Sie daher fr\u00fchzeitig \u00fcber ein Modell zur Datenspeicherung nach.<\/p><p><b>Wir helfen Ihnen bei der Erstellung eines relationales Datenbankmodells.<\/b><\/p><p>Die wesentlichen Vorteile eines EDV gest\u00fctzten relationalen Datenbanksystems sind:<\/p><ul><li>Speicherung von gro\u00dfen Datenmengen<\/li><li>Verwaltung der Metadaten (Suchm\u00f6glichkeiten\u2026)<\/li><li>Verwaltung der Datenbankzugriffe (Berechtigungen)<\/li><li>Sicherung verschiedener Datenbankst\u00e4nde (Revision)<\/li><li>Erhaltung der Datenintegrit\u00e4t (Selbstkontrolle)<\/li><li>Mehrbenutzerbetrieb (Daten stehen allen gleichzeitig zur Verf\u00fcgung)<\/li><li>Optimierung von Abfragen und Auswertungen<\/li><li>Automatische Backups (zur Sicherung der Daten)<\/li><\/ul><\/div><\/div><\/div><\/div>\t\t\t\t\t\t\t\t<\/div>\n\t\t\t\t<\/div>\n\t\t\t\t<\/div>\n\t\t\t\t\t<\/div>\n\t\t\t\t<\/div>\n\t\t\t\t<\/div>\n\t\t","protected":false},"excerpt":{"rendered":"<p>Software- und Datenbankentwicklung Jedes Unternehmen ist individuell. Wir beraten Sie gerne in allen Fragen rund um Soft- und Hardware. Egal ob es sich um die Optimierung von Betriebsabl\u00e4ufen, die M\u00f6glichkeiten der datentechnischen Weiterverarbeitung oder die Neuanschaffung von Hard- oder Software handelt. Sie wollen Sich mit einer neuen Software ausstatten?Haben Sie an alles gedacht? Diese Frage&hellip;<\/p>\n","protected":false},"author":1,"featured_media":0,"parent":0,"menu_order":0,"comment_status":"closed","ping_status":"closed","template":"elementor_header_footer","meta":{"footnotes":""},"class_list":["post-95","page","type-page","status-publish","hentry"],"aioseo_notices":[],"_links":{"self":[{"href":"https:\/\/www.eudatabase.de\/index.php\/wp-json\/wp\/v2\/pages\/95","targetHints":{"allow":["GET"]}}],"collection":[{"href":"https:\/\/www.eudatabase.de\/index.php\/wp-json\/wp\/v2\/pages"}],"about":[{"href":"https:\/\/www.eudatabase.de\/index.php\/wp-json\/wp\/v2\/types\/page"}],"author":[{"embeddable":true,"href":"https:\/\/www.eudatabase.de\/index.php\/wp-json\/wp\/v2\/users\/1"}],"replies":[{"embeddable":true,"href":"https:\/\/www.eudatabase.de\/index.php\/wp-json\/wp\/v2\/comments?post=95"}],"version-history":[{"count":4,"href":"https:\/\/www.eudatabase.de\/index.php\/wp-json\/wp\/v2\/pages\/95\/revisions"}],"predecessor-version":[{"id":101,"href":"https:\/\/www.eudatabase.de\/index.php\/wp-json\/wp\/v2\/pages\/95\/revisions\/101"}],"wp:attachment":[{"href":"https:\/\/www.eudatabase.de\/index.php\/wp-json\/wp\/v2\/media?parent=95"}],"curies":[{"name":"wp","href":"https:\/\/api.w.org\/{rel}","templated":true}]}}